{"id":7611,"date":"2026-02-09T10:49:45","date_gmt":"2026-02-09T10:49:45","guid":{"rendered":"https:\/\/ergo-lab.be\/ergo\/prendre-rendez-vous\/"},"modified":"2026-03-10T12:41:43","modified_gmt":"2026-03-10T12:41:43","slug":"prendre-rendez-vous","status":"publish","type":"page","link":"https:\/\/ergo-lab.be\/lab\/fr\/prendre-rendez-vous\/","title":{"rendered":"Prendre un rendez-vous"},"content":{"rendered":"\n\n\t<!-- Calendly inline widget begin -->\n<!-- Calendly inline widget end -->\n\t<h3>\n\t\t\t\tErgo-lab\n\t\t\t<\/h3>\n\t\t\t<p>Omloopstraat 11<br \/>1760 RoosdaalTel : <a href=\"tel:0032475525556\">0475 52 55 56<\/a><br \/>E-mail : <a href=\"mailto:info@ergo-lab.be\">info@ergo-lab.be<\/a><br \/>TVA BE 0472.796.410<\/p>\t\n<iframe loading=\"lazy\" src=\"https:\/\/www.google.com\/maps\/embed?pb=!1m18!1m12!1m3!1d2520.1479034838917!2d4.072342351998129!3d50.82842427942905!2m3!1f0!2f0!3f0!3m2!1i1024!2i768!4f13.1!3m3!1m2!1s0x47c3bbba24591f7d%3A0x6d9364bb82c08452!2sOmloopstraat%2011%2C%201760%20Roosdaal%2C%20Belgi%C3%AB!5e0!3m2!1snl!2slu!4v1605369849413!5m2!1snl!2slu\" width=\"1000\" height=\"400\" frameborder=\"0\" allowfullscreen=\"\" aria-hidden=\"false\" tabindex=\"0\"><\/iframe>\n\t<h2>\n\t\t\t\tNos marques\n\t\t\t<\/h2>\n\n","protected":false},"excerpt":{"rendered":"<p>Ergo-lab Omloopstraat 111760 RoosdaalTel : 0475 52 55 56E-mail : info@ergo-lab.beTVA BE 0472.796.410 Nos marques<\/p>\n","protected":false},"author":1,"featured_media":0,"parent":0,"menu_order":0,"comment_status":"closed","ping_status":"closed","template":"","meta":{"site-sidebar-layout":"no-sidebar","site-content-layout":"page-builder","ast-site-content-layout":"full-width-container","site-content-style":"unboxed","site-sidebar-style":"unboxed","ast-global-header-display":"","ast-banner-title-visibility":"","ast-main-header-display":"","ast-hfb-above-header-display":"","ast-hfb-below-header-display":"","ast-hfb-mobile-header-display":"","site-post-title":"disabled","ast-breadcrumbs-content":"","ast-featured-img":"disabled","footer-sml-layout":"","ast-disable-related-posts":"","theme-transparent-header-meta":"default","adv-header-id-meta":"","stick-header-meta":"default","header-above-stick-meta":"","header-main-stick-meta":"","header-below-stick-meta":"","astra-migrate-meta-layouts":"set","ast-page-background-enabled":"default","ast-page-background-meta":{"desktop":{"background-color":"","background-image":"","background-repeat":"repeat","background-position":"center center","background-size":"auto","background-attachment":"scroll","background-type":"","background-media":"","overlay-type":"","overlay-color":"","overlay-opacity":"","overlay-gradient":""},"tablet":{"background-color":"","background-image":"","background-repeat":"repeat","background-position":"center center","background-size":"auto","background-attachment":"scroll","background-type":"","background-media":"","overlay-type":"","overlay-color":"","overlay-opacity":"","overlay-gradient":""},"mobile":{"background-color":"","background-image":"","background-repeat":"repeat","background-position":"center center","background-size":"auto","background-attachment":"scroll","background-type":"","background-media":"","overlay-type":"","overlay-color":"","overlay-opacity":"","overlay-gradient":""}},"ast-content-background-meta":{"desktop":{"background-color":"var(--ast-global-color-5)","background-image":"","background-repeat":"repeat","background-position":"center center","background-size":"auto","background-attachment":"scroll","background-type":"","background-media":"","overlay-type":"","overlay-color":"","overlay-opacity":"","overlay-gradient":""},"tablet":{"background-color":"var(--ast-global-color-5)","background-image":"","background-repeat":"repeat","background-position":"center center","background-size":"auto","background-attachment":"scroll","background-type":"","background-media":"","overlay-type":"","overlay-color":"","overlay-opacity":"","overlay-gradient":""},"mobile":{"background-color":"var(--ast-global-color-5)","background-image":"","background-repeat":"repeat","background-position":"center center","background-size":"auto","background-attachment":"scroll","background-type":"","background-media":"","overlay-type":"","overlay-color":"","overlay-opacity":"","overlay-gradient":""}},"footnotes":""},"class_list":["post-7611","page","type-page","status-publish","hentry"],"yoast_head":"<!-- This site is optimized with the Yoast SEO plugin v27.5 - https:\/\/yoast.com\/product\/yoast-seo-wordpress\/ -->\n<title>Prenez bient\u00f4t rendez-vous avec Erg-Lab<\/title>\n<meta name=\"description\" content=\"Vous recherchez des conseils personnalis\u00e9s pour relever les d\u00e9fis num\u00e9riques? Ou vous voulez am\u00e9nager un lieu de travail ergonomique? Prenez rendez-vous d\u00e8s maintenant !\" \/>\n<meta name=\"robots\" content=\"index, follow, max-snippet:-1, max-image-preview:large, max-video-preview:-1\" \/>\n<link rel=\"canonical\" href=\"https:\/\/ergo-lab.be\/lab\/fr\/prendre-rendez-vous\/\" \/>\n<meta property=\"og:locale\" content=\"fr_FR\" \/>\n<meta property=\"og:type\" content=\"article\" \/>\n<meta property=\"og:title\" content=\"Prenez bient\u00f4t rendez-vous avec Erg-Lab\" \/>\n<meta property=\"og:description\" content=\"Vous recherchez des conseils personnalis\u00e9s pour relever les d\u00e9fis num\u00e9riques? Ou vous voulez am\u00e9nager un lieu de travail ergonomique? Prenez rendez-vous d\u00e8s maintenant !\" \/>\n<meta property=\"og:url\" content=\"https:\/\/ergo-lab.be\/lab\/fr\/prendre-rendez-vous\/\" \/>\n<meta property=\"og:site_name\" content=\"Lab\" \/>\n<meta property=\"article:publisher\" content=\"https:\/\/www.facebook.com\/people\/Ergo-lab\/100058838385893\/#\" \/>\n<meta property=\"article:modified_time\" content=\"2026-03-10T12:41:43+00:00\" \/>\n<meta property=\"og:image\" content=\"https:\/\/ergo-lab.be\/lab\/wp-content\/uploads\/sites\/4\/2025\/12\/Lab_new.png\" \/>\n\t<meta property=\"og:image:width\" content=\"1108\" \/>\n\t<meta property=\"og:image:height\" content=\"782\" \/>\n\t<meta property=\"og:image:type\" content=\"image\/png\" \/>\n<meta name=\"twitter:card\" content=\"summary_large_image\" \/>\n<meta name=\"twitter:label1\" content=\"Dur\u00e9e de lecture estim\u00e9e\" \/>\n\t<meta name=\"twitter:data1\" content=\"2 minutes\" \/>\n<script type=\"application\/ld+json\" class=\"yoast-schema-graph\">{\"@context\":\"https:\\\/\\\/schema.org\",\"@graph\":[{\"@type\":\"WebPage\",\"@id\":\"https:\\\/\\\/ergo-lab.be\\\/lab\\\/fr\\\/prendre-rendez-vous\\\/\",\"url\":\"https:\\\/\\\/ergo-lab.be\\\/lab\\\/fr\\\/prendre-rendez-vous\\\/\",\"name\":\"Prenez bient\u00f4t rendez-vous avec Erg-Lab\",\"isPartOf\":{\"@id\":\"https:\\\/\\\/ergo-lab.be\\\/lab\\\/fr\\\/#website\"},\"datePublished\":\"2026-02-09T10:49:45+00:00\",\"dateModified\":\"2026-03-10T12:41:43+00:00\",\"description\":\"Vous recherchez des conseils personnalis\u00e9s pour relever les d\u00e9fis num\u00e9riques? Ou vous voulez am\u00e9nager un lieu de travail ergonomique? Prenez rendez-vous d\u00e8s maintenant !\",\"breadcrumb\":{\"@id\":\"https:\\\/\\\/ergo-lab.be\\\/lab\\\/fr\\\/prendre-rendez-vous\\\/#breadcrumb\"},\"inLanguage\":\"fr-FR\",\"potentialAction\":[{\"@type\":\"ReadAction\",\"target\":[\"https:\\\/\\\/ergo-lab.be\\\/lab\\\/fr\\\/prendre-rendez-vous\\\/\"]}]},{\"@type\":\"BreadcrumbList\",\"@id\":\"https:\\\/\\\/ergo-lab.be\\\/lab\\\/fr\\\/prendre-rendez-vous\\\/#breadcrumb\",\"itemListElement\":[{\"@type\":\"ListItem\",\"position\":1,\"name\":\"Home\",\"item\":\"https:\\\/\\\/ergo-lab.be\\\/lab\\\/fr\\\/\"},{\"@type\":\"ListItem\",\"position\":2,\"name\":\"Prendre un rendez-vous\"}]},{\"@type\":\"WebSite\",\"@id\":\"https:\\\/\\\/ergo-lab.be\\\/lab\\\/fr\\\/#website\",\"url\":\"https:\\\/\\\/ergo-lab.be\\\/lab\\\/fr\\\/\",\"name\":\"Lab by Ergo-Lab\",\"description\":\"Jouw full service integrator voor 24\\\/7 controlekamers en mobiele commandocentra\",\"publisher\":{\"@id\":\"https:\\\/\\\/ergo-lab.be\\\/lab\\\/fr\\\/#organization\"},\"potentialAction\":[{\"@type\":\"SearchAction\",\"target\":{\"@type\":\"EntryPoint\",\"urlTemplate\":\"https:\\\/\\\/ergo-lab.be\\\/lab\\\/fr\\\/?s={search_term_string}\"},\"query-input\":{\"@type\":\"PropertyValueSpecification\",\"valueRequired\":true,\"valueName\":\"search_term_string\"}}],\"inLanguage\":\"fr-FR\"},{\"@type\":\"Organization\",\"@id\":\"https:\\\/\\\/ergo-lab.be\\\/lab\\\/fr\\\/#organization\",\"name\":\"Ergo-Lab\",\"url\":\"https:\\\/\\\/ergo-lab.be\\\/lab\\\/fr\\\/\",\"logo\":{\"@type\":\"ImageObject\",\"inLanguage\":\"fr-FR\",\"@id\":\"https:\\\/\\\/ergo-lab.be\\\/lab\\\/fr\\\/#\\\/schema\\\/logo\\\/image\\\/\",\"url\":\"https:\\\/\\\/ergo-lab.be\\\/lab\\\/wp-content\\\/uploads\\\/sites\\\/4\\\/2025\\\/12\\\/Lab_new.png\",\"contentUrl\":\"https:\\\/\\\/ergo-lab.be\\\/lab\\\/wp-content\\\/uploads\\\/sites\\\/4\\\/2025\\\/12\\\/Lab_new.png\",\"width\":1108,\"height\":782,\"caption\":\"Ergo-Lab\"},\"image\":{\"@id\":\"https:\\\/\\\/ergo-lab.be\\\/lab\\\/fr\\\/#\\\/schema\\\/logo\\\/image\\\/\"},\"sameAs\":[\"https:\\\/\\\/www.facebook.com\\\/people\\\/Ergo-lab\\\/100058838385893\\\/#\",\"https:\\\/\\\/www.linkedin.com\\\/company\\\/ergo-lab-ergonomie\\\/\",\"https:\\\/\\\/www.youtube.com\\\/channel\\\/UCax8prAo2ExE-ySJNQeMH0w\"]}]}<\/script>\n<!-- \/ Yoast SEO plugin. -->","yoast_head_json":{"title":"Prenez bient\u00f4t rendez-vous avec Erg-Lab","description":"Vous recherchez des conseils personnalis\u00e9s pour relever les d\u00e9fis num\u00e9riques? Ou vous voulez am\u00e9nager un lieu de travail ergonomique? Prenez rendez-vous d\u00e8s maintenant !","robots":{"index":"index","follow":"follow","max-snippet":"max-snippet:-1","max-image-preview":"max-image-preview:large","max-video-preview":"max-video-preview:-1"},"canonical":"https:\/\/ergo-lab.be\/lab\/fr\/prendre-rendez-vous\/","og_locale":"fr_FR","og_type":"article","og_title":"Prenez bient\u00f4t rendez-vous avec Erg-Lab","og_description":"Vous recherchez des conseils personnalis\u00e9s pour relever les d\u00e9fis num\u00e9riques? Ou vous voulez am\u00e9nager un lieu de travail ergonomique? Prenez rendez-vous d\u00e8s maintenant !","og_url":"https:\/\/ergo-lab.be\/lab\/fr\/prendre-rendez-vous\/","og_site_name":"Lab","article_publisher":"https:\/\/www.facebook.com\/people\/Ergo-lab\/100058838385893\/#","article_modified_time":"2026-03-10T12:41:43+00:00","og_image":[{"width":1108,"height":782,"url":"https:\/\/ergo-lab.be\/lab\/wp-content\/uploads\/sites\/4\/2025\/12\/Lab_new.png","type":"image\/png"}],"twitter_card":"summary_large_image","twitter_misc":{"Dur\u00e9e de lecture estim\u00e9e":"2 minutes"},"schema":{"@context":"https:\/\/schema.org","@graph":[{"@type":"WebPage","@id":"https:\/\/ergo-lab.be\/lab\/fr\/prendre-rendez-vous\/","url":"https:\/\/ergo-lab.be\/lab\/fr\/prendre-rendez-vous\/","name":"Prenez bient\u00f4t rendez-vous avec Erg-Lab","isPartOf":{"@id":"https:\/\/ergo-lab.be\/lab\/fr\/#website"},"datePublished":"2026-02-09T10:49:45+00:00","dateModified":"2026-03-10T12:41:43+00:00","description":"Vous recherchez des conseils personnalis\u00e9s pour relever les d\u00e9fis num\u00e9riques? Ou vous voulez am\u00e9nager un lieu de travail ergonomique? Prenez rendez-vous d\u00e8s maintenant !","breadcrumb":{"@id":"https:\/\/ergo-lab.be\/lab\/fr\/prendre-rendez-vous\/#breadcrumb"},"inLanguage":"fr-FR","potentialAction":[{"@type":"ReadAction","target":["https:\/\/ergo-lab.be\/lab\/fr\/prendre-rendez-vous\/"]}]},{"@type":"BreadcrumbList","@id":"https:\/\/ergo-lab.be\/lab\/fr\/prendre-rendez-vous\/#breadcrumb","itemListElement":[{"@type":"ListItem","position":1,"name":"Home","item":"https:\/\/ergo-lab.be\/lab\/fr\/"},{"@type":"ListItem","position":2,"name":"Prendre un rendez-vous"}]},{"@type":"WebSite","@id":"https:\/\/ergo-lab.be\/lab\/fr\/#website","url":"https:\/\/ergo-lab.be\/lab\/fr\/","name":"Lab by Ergo-Lab","description":"Jouw full service integrator voor 24\/7 controlekamers en mobiele commandocentra","publisher":{"@id":"https:\/\/ergo-lab.be\/lab\/fr\/#organization"},"potentialAction":[{"@type":"SearchAction","target":{"@type":"EntryPoint","urlTemplate":"https:\/\/ergo-lab.be\/lab\/fr\/?s={search_term_string}"},"query-input":{"@type":"PropertyValueSpecification","valueRequired":true,"valueName":"search_term_string"}}],"inLanguage":"fr-FR"},{"@type":"Organization","@id":"https:\/\/ergo-lab.be\/lab\/fr\/#organization","name":"Ergo-Lab","url":"https:\/\/ergo-lab.be\/lab\/fr\/","logo":{"@type":"ImageObject","inLanguage":"fr-FR","@id":"https:\/\/ergo-lab.be\/lab\/fr\/#\/schema\/logo\/image\/","url":"https:\/\/ergo-lab.be\/lab\/wp-content\/uploads\/sites\/4\/2025\/12\/Lab_new.png","contentUrl":"https:\/\/ergo-lab.be\/lab\/wp-content\/uploads\/sites\/4\/2025\/12\/Lab_new.png","width":1108,"height":782,"caption":"Ergo-Lab"},"image":{"@id":"https:\/\/ergo-lab.be\/lab\/fr\/#\/schema\/logo\/image\/"},"sameAs":["https:\/\/www.facebook.com\/people\/Ergo-lab\/100058838385893\/#","https:\/\/www.linkedin.com\/company\/ergo-lab-ergonomie\/","https:\/\/www.youtube.com\/channel\/UCax8prAo2ExE-ySJNQeMH0w"]}]}},"jetpack_sharing_enabled":true,"_links":{"self":[{"href":"https:\/\/ergo-lab.be\/lab\/fr\/wp-json\/wp\/v2\/pages\/7611","targetHints":{"allow":["GET"]}}],"collection":[{"href":"https:\/\/ergo-lab.be\/lab\/fr\/wp-json\/wp\/v2\/pages"}],"about":[{"href":"https:\/\/ergo-lab.be\/lab\/fr\/wp-json\/wp\/v2\/types\/page"}],"author":[{"embeddable":true,"href":"https:\/\/ergo-lab.be\/lab\/fr\/wp-json\/wp\/v2\/users\/1"}],"replies":[{"embeddable":true,"href":"https:\/\/ergo-lab.be\/lab\/fr\/wp-json\/wp\/v2\/comments?post=7611"}],"version-history":[{"count":2,"href":"https:\/\/ergo-lab.be\/lab\/fr\/wp-json\/wp\/v2\/pages\/7611\/revisions"}],"predecessor-version":[{"id":7678,"href":"https:\/\/ergo-lab.be\/lab\/fr\/wp-json\/wp\/v2\/pages\/7611\/revisions\/7678"}],"wp:attachment":[{"href":"https:\/\/ergo-lab.be\/lab\/fr\/wp-json\/wp\/v2\/media?parent=7611"}],"curies":[{"name":"wp","href":"https:\/\/api.w.org\/{rel}","templated":true}]}}