{"id":7597,"date":"2026-01-23T09:35:14","date_gmt":"2026-01-23T09:35:14","guid":{"rendered":"https:\/\/ergo-lab.be\/lab\/systemes-av-it\/"},"modified":"2026-01-23T09:35:14","modified_gmt":"2026-01-23T09:35:14","slug":"systemes-av-it","status":"publish","type":"page","link":"https:\/\/ergo-lab.be\/lab\/fr\/systemes-av-it\/","title":{"rendered":"Syst\u00e8mes AV-IT salles de contr\u00f4le"},"content":{"rendered":"","protected":false},"excerpt":{"rendered":"","protected":false},"author":1,"featured_media":0,"parent":0,"menu_order":0,"comment_status":"closed","ping_status":"closed","template":"","meta":{"site-sidebar-layout":"no-sidebar","site-content-layout":"page-builder","ast-site-content-layout":"full-width-container","site-content-style":"unboxed","site-sidebar-style":"unboxed","ast-global-header-display":"","ast-banner-title-visibility":"","ast-main-header-display":"","ast-hfb-above-header-display":"","ast-hfb-below-header-display":"","ast-hfb-mobile-header-display":"","site-post-title":"disabled","ast-breadcrumbs-content":"","ast-featured-img":"disabled","footer-sml-layout":"","ast-disable-related-posts":"","theme-transparent-header-meta":"default","adv-header-id-meta":"","stick-header-meta":"default","header-above-stick-meta":"","header-main-stick-meta":"","header-below-stick-meta":"","astra-migrate-meta-layouts":"default","ast-page-background-enabled":"default","ast-page-background-meta":{"desktop":{"background-color":"","background-image":"","background-repeat":"repeat","background-position":"center center","background-size":"auto","background-attachment":"scroll","background-type":"","background-media":"","overlay-type":"","overlay-color":"","overlay-opacity":"","overlay-gradient":""},"tablet":{"background-color":"","background-image":"","background-repeat":"repeat","background-position":"center center","background-size":"auto","background-attachment":"scroll","background-type":"","background-media":"","overlay-type":"","overlay-color":"","overlay-opacity":"","overlay-gradient":""},"mobile":{"background-color":"","background-image":"","background-repeat":"repeat","background-position":"center center","background-size":"auto","background-attachment":"scroll","background-type":"","background-media":"","overlay-type":"","overlay-color":"","overlay-opacity":"","overlay-gradient":""}},"ast-content-background-meta":{"desktop":{"background-color":"var(--ast-global-color-5)","background-image":"","background-repeat":"repeat","background-position":"center center","background-size":"auto","background-attachment":"scroll","background-type":"","background-media":"","overlay-type":"","overlay-color":"","overlay-opacity":"","overlay-gradient":""},"tablet":{"background-color":"var(--ast-global-color-5)","background-image":"","background-repeat":"repeat","background-position":"center center","background-size":"auto","background-attachment":"scroll","background-type":"","background-media":"","overlay-type":"","overlay-color":"","overlay-opacity":"","overlay-gradient":""},"mobile":{"background-color":"var(--ast-global-color-5)","background-image":"","background-repeat":"repeat","background-position":"center center","background-size":"auto","background-attachment":"scroll","background-type":"","background-media":"","overlay-type":"","overlay-color":"","overlay-opacity":"","overlay-gradient":""}},"footnotes":""},"class_list":["post-7597","page","type-page","status-publish","hentry"],"yoast_head":"\nSyst\u00e8mes AV-IT pour salles de contr\u00f4le : De la conception \u00e0 l'int\u00e9gration | Ergo-Lab<\/title>\n<meta name=\"description\" content=\"Ergo-Lab con\u00e7oit, met en \u0153uvre et int\u00e8gre des syst\u00e8mes AV-IT pour salles de contr\u00f4le. D\u00e9couvrez notre approche m\u00fbrement r\u00e9fl\u00e9chie et r\u00e9servez un entretien conseil gratuit.\" \/>\n<meta name=\"robots\" content=\"index, follow, max-snippet:-1, max-image-preview:large, max-video-preview:-1\" \/>\n<link rel=\"canonical\" href=\"https:\/\/ergo-lab.be\/lab\/fr\/systemes-av-it\/\" \/>\n<meta property=\"og:locale\" content=\"fr_FR\" \/>\n<meta property=\"og:type\" content=\"article\" \/>\n<meta property=\"og:title\" content=\"Syst\u00e8mes AV-IT pour salles de contr\u00f4le : De la conception \u00e0 l'int\u00e9gration | Ergo-Lab\" \/>\n<meta property=\"og:description\" content=\"Ergo-Lab con\u00e7oit, met en \u0153uvre et int\u00e8gre des syst\u00e8mes AV-IT pour salles de contr\u00f4le. D\u00e9couvrez notre approche m\u00fbrement r\u00e9fl\u00e9chie et r\u00e9servez un entretien conseil gratuit.\" \/>\n<meta property=\"og:url\" content=\"https:\/\/ergo-lab.be\/lab\/fr\/systemes-av-it\/\" \/>\n<meta property=\"og:site_name\" content=\"Lab\" \/>\n<meta property=\"article:publisher\" content=\"https:\/\/www.facebook.com\/people\/Ergo-lab\/100058838385893\/#\" \/>\n<meta property=\"og:image\" content=\"https:\/\/ergo-lab.be\/lab\/wp-content\/uploads\/sites\/4\/2025\/12\/Lab_new.png\" \/>\n\t<meta property=\"og:image:width\" content=\"1108\" \/>\n\t<meta property=\"og:image:height\" content=\"782\" \/>\n\t<meta property=\"og:image:type\" content=\"image\/png\" \/>\n<meta name=\"twitter:card\" content=\"summary_large_image\" \/>\n<script type=\"application\/ld+json\" class=\"yoast-schema-graph\">{\"@context\":\"https:\/\/schema.org\",\"@graph\":[{\"@type\":\"WebPage\",\"@id\":\"https:\/\/ergo-lab.be\/lab\/fr\/systemes-av-it\/\",\"url\":\"https:\/\/ergo-lab.be\/lab\/fr\/systemes-av-it\/\",\"name\":\"Syst\u00e8mes AV-IT pour salles de contr\u00f4le : De la conception \u00e0 l'int\u00e9gration | Ergo-Lab\",\"isPartOf\":{\"@id\":\"https:\/\/ergo-lab.be\/lab\/fr\/#website\"},\"datePublished\":\"2026-01-23T09:35:14+00:00\",\"description\":\"Ergo-Lab con\u00e7oit, met en \u0153uvre et int\u00e8gre des syst\u00e8mes AV-IT pour salles de contr\u00f4le. D\u00e9couvrez notre approche m\u00fbrement r\u00e9fl\u00e9chie et r\u00e9servez un entretien conseil gratuit.\",\"breadcrumb\":{\"@id\":\"https:\/\/ergo-lab.be\/lab\/fr\/systemes-av-it\/#breadcrumb\"},\"inLanguage\":\"fr-FR\",\"potentialAction\":[{\"@type\":\"ReadAction\",\"target\":[\"https:\/\/ergo-lab.be\/lab\/fr\/systemes-av-it\/\"]}]},{\"@type\":\"BreadcrumbList\",\"@id\":\"https:\/\/ergo-lab.be\/lab\/fr\/systemes-av-it\/#breadcrumb\",\"itemListElement\":[{\"@type\":\"ListItem\",\"position\":1,\"name\":\"Home\",\"item\":\"https:\/\/ergo-lab.be\/lab\/fr\/\"},{\"@type\":\"ListItem\",\"position\":2,\"name\":\"Syst\u00e8mes AV-IT salles de contr\u00f4le\"}]},{\"@type\":\"WebSite\",\"@id\":\"https:\/\/ergo-lab.be\/lab\/fr\/#website\",\"url\":\"https:\/\/ergo-lab.be\/lab\/fr\/\",\"name\":\"Lab by Ergo-Lab\",\"description\":\"Jouw full service integrator voor 24\/7 controlekamers en mobiele commandocentra\",\"publisher\":{\"@id\":\"https:\/\/ergo-lab.be\/lab\/fr\/#organization\"},\"potentialAction\":[{\"@type\":\"SearchAction\",\"target\":{\"@type\":\"EntryPoint\",\"urlTemplate\":\"https:\/\/ergo-lab.be\/lab\/fr\/?s={search_term_string}\"},\"query-input\":{\"@type\":\"PropertyValueSpecification\",\"valueRequired\":true,\"valueName\":\"search_term_string\"}}],\"inLanguage\":\"fr-FR\"},{\"@type\":\"Organization\",\"@id\":\"https:\/\/ergo-lab.be\/lab\/fr\/#organization\",\"name\":\"Ergo-Lab\",\"url\":\"https:\/\/ergo-lab.be\/lab\/fr\/\",\"logo\":{\"@type\":\"ImageObject\",\"inLanguage\":\"fr-FR\",\"@id\":\"https:\/\/ergo-lab.be\/lab\/fr\/#\/schema\/logo\/image\/\",\"url\":\"https:\/\/ergo-lab.be\/lab\/wp-content\/uploads\/sites\/4\/2025\/12\/Lab_new.png\",\"contentUrl\":\"https:\/\/ergo-lab.be\/lab\/wp-content\/uploads\/sites\/4\/2025\/12\/Lab_new.png\",\"width\":1108,\"height\":782,\"caption\":\"Ergo-Lab\"},\"image\":{\"@id\":\"https:\/\/ergo-lab.be\/lab\/fr\/#\/schema\/logo\/image\/\"},\"sameAs\":[\"https:\/\/www.facebook.com\/people\/Ergo-lab\/100058838385893\/#\",\"https:\/\/www.linkedin.com\/company\/ergo-lab-ergonomie\/\",\"https:\/\/www.youtube.com\/channel\/UCax8prAo2ExE-ySJNQeMH0w\"]}]}<\/script>\n<!-- \/ Yoast SEO plugin. -->","yoast_head_json":{"title":"Syst\u00e8mes AV-IT pour salles de contr\u00f4le : De la conception \u00e0 l'int\u00e9gration | Ergo-Lab","description":"Ergo-Lab con\u00e7oit, met en \u0153uvre et int\u00e8gre des syst\u00e8mes AV-IT pour salles de contr\u00f4le. D\u00e9couvrez notre approche m\u00fbrement r\u00e9fl\u00e9chie et r\u00e9servez un entretien conseil gratuit.","robots":{"index":"index","follow":"follow","max-snippet":"max-snippet:-1","max-image-preview":"max-image-preview:large","max-video-preview":"max-video-preview:-1"},"canonical":"https:\/\/ergo-lab.be\/lab\/fr\/systemes-av-it\/","og_locale":"fr_FR","og_type":"article","og_title":"Syst\u00e8mes AV-IT pour salles de contr\u00f4le : De la conception \u00e0 l'int\u00e9gration | Ergo-Lab","og_description":"Ergo-Lab con\u00e7oit, met en \u0153uvre et int\u00e8gre des syst\u00e8mes AV-IT pour salles de contr\u00f4le. D\u00e9couvrez notre approche m\u00fbrement r\u00e9fl\u00e9chie et r\u00e9servez un entretien conseil gratuit.","og_url":"https:\/\/ergo-lab.be\/lab\/fr\/systemes-av-it\/","og_site_name":"Lab","article_publisher":"https:\/\/www.facebook.com\/people\/Ergo-lab\/100058838385893\/#","og_image":[{"width":1108,"height":782,"url":"https:\/\/ergo-lab.be\/lab\/wp-content\/uploads\/sites\/4\/2025\/12\/Lab_new.png","type":"image\/png"}],"twitter_card":"summary_large_image","schema":{"@context":"https:\/\/schema.org","@graph":[{"@type":"WebPage","@id":"https:\/\/ergo-lab.be\/lab\/fr\/systemes-av-it\/","url":"https:\/\/ergo-lab.be\/lab\/fr\/systemes-av-it\/","name":"Syst\u00e8mes AV-IT pour salles de contr\u00f4le : De la conception \u00e0 l'int\u00e9gration | Ergo-Lab","isPartOf":{"@id":"https:\/\/ergo-lab.be\/lab\/fr\/#website"},"datePublished":"2026-01-23T09:35:14+00:00","description":"Ergo-Lab con\u00e7oit, met en \u0153uvre et int\u00e8gre des syst\u00e8mes AV-IT pour salles de contr\u00f4le. D\u00e9couvrez notre approche m\u00fbrement r\u00e9fl\u00e9chie et r\u00e9servez un entretien conseil gratuit.","breadcrumb":{"@id":"https:\/\/ergo-lab.be\/lab\/fr\/systemes-av-it\/#breadcrumb"},"inLanguage":"fr-FR","potentialAction":[{"@type":"ReadAction","target":["https:\/\/ergo-lab.be\/lab\/fr\/systemes-av-it\/"]}]},{"@type":"BreadcrumbList","@id":"https:\/\/ergo-lab.be\/lab\/fr\/systemes-av-it\/#breadcrumb","itemListElement":[{"@type":"ListItem","position":1,"name":"Home","item":"https:\/\/ergo-lab.be\/lab\/fr\/"},{"@type":"ListItem","position":2,"name":"Syst\u00e8mes AV-IT salles de contr\u00f4le"}]},{"@type":"WebSite","@id":"https:\/\/ergo-lab.be\/lab\/fr\/#website","url":"https:\/\/ergo-lab.be\/lab\/fr\/","name":"Lab by Ergo-Lab","description":"Jouw full service integrator voor 24\/7 controlekamers en mobiele commandocentra","publisher":{"@id":"https:\/\/ergo-lab.be\/lab\/fr\/#organization"},"potentialAction":[{"@type":"SearchAction","target":{"@type":"EntryPoint","urlTemplate":"https:\/\/ergo-lab.be\/lab\/fr\/?s={search_term_string}"},"query-input":{"@type":"PropertyValueSpecification","valueRequired":true,"valueName":"search_term_string"}}],"inLanguage":"fr-FR"},{"@type":"Organization","@id":"https:\/\/ergo-lab.be\/lab\/fr\/#organization","name":"Ergo-Lab","url":"https:\/\/ergo-lab.be\/lab\/fr\/","logo":{"@type":"ImageObject","inLanguage":"fr-FR","@id":"https:\/\/ergo-lab.be\/lab\/fr\/#\/schema\/logo\/image\/","url":"https:\/\/ergo-lab.be\/lab\/wp-content\/uploads\/sites\/4\/2025\/12\/Lab_new.png","contentUrl":"https:\/\/ergo-lab.be\/lab\/wp-content\/uploads\/sites\/4\/2025\/12\/Lab_new.png","width":1108,"height":782,"caption":"Ergo-Lab"},"image":{"@id":"https:\/\/ergo-lab.be\/lab\/fr\/#\/schema\/logo\/image\/"},"sameAs":["https:\/\/www.facebook.com\/people\/Ergo-lab\/100058838385893\/#","https:\/\/www.linkedin.com\/company\/ergo-lab-ergonomie\/","https:\/\/www.youtube.com\/channel\/UCax8prAo2ExE-ySJNQeMH0w"]}]}},"jetpack_sharing_enabled":true,"_links":{"self":[{"href":"https:\/\/ergo-lab.be\/lab\/fr\/wp-json\/wp\/v2\/pages\/7597","targetHints":{"allow":["GET"]}}],"collection":[{"href":"https:\/\/ergo-lab.be\/lab\/fr\/wp-json\/wp\/v2\/pages"}],"about":[{"href":"https:\/\/ergo-lab.be\/lab\/fr\/wp-json\/wp\/v2\/types\/page"}],"author":[{"embeddable":true,"href":"https:\/\/ergo-lab.be\/lab\/fr\/wp-json\/wp\/v2\/users\/1"}],"replies":[{"embeddable":true,"href":"https:\/\/ergo-lab.be\/lab\/fr\/wp-json\/wp\/v2\/comments?post=7597"}],"version-history":[{"count":0,"href":"https:\/\/ergo-lab.be\/lab\/fr\/wp-json\/wp\/v2\/pages\/7597\/revisions"}],"wp:attachment":[{"href":"https:\/\/ergo-lab.be\/lab\/fr\/wp-json\/wp\/v2\/media?parent=7597"}],"curies":[{"name":"wp","href":"https:\/\/api.w.org\/{rel}","templated":true}]}}