{"id":3476,"date":"2022-01-06T16:28:31","date_gmt":"2022-01-06T16:28:31","guid":{"rendered":"https:\/\/ergo-lab.be\/lab\/brochures\/brochures-knurr-consoles\/brochure-knurr-consoles-room-solutions\/"},"modified":"2023-07-28T09:08:00","modified_gmt":"2023-07-28T09:08:00","slug":"brochure-knuerr-consoles-room-solutions","status":"publish","type":"page","link":"https:\/\/ergo-lab.be\/lab\/fr\/brochures\/brochures-knurr-consoles\/brochure-knuerr-consoles-room-solutions\/","title":{"rendered":"Brochure Knuerr Consoles room solutions"},"content":{"rendered":"\n\n\t<h1>\n\t\t\t\tBrochures\n\t\t\t<\/h1>\n\t\t\t<p>Demandez vos brochures num\u00e9riques d\u00e8s maintenant!<\/p>\n\t\t\t<a href=\"https:\/\/ergo-lab.be\/lab\/fr\/contact\/\" target=\"_self\" role=\"button\" aria-label=\"Contactez-nous\" rel=\"noopener\">\n\t\t\t\t\t\t\tContactez-nous\n\t\t<\/a>\n\t\t\t\t<img loading=\"lazy\" decoding=\"async\" src=\"https:\/\/ergo-lab.be\/wp-content\/uploads\/sites\/4\/2022\/01\/control-room-solutions-knuerr-consoles-fr.jpg\" alt=\"control-room-solutions-knuerr-consoles-fr\" itemprop=\"image\" height=\"1500\" width=\"1050\" title=\"control-room-solutions-knuerr-consoles-fr\" onerror=\"this.style.display='none'\"  \/>\n<h3>\n\t\tSolutions pour les salles de contr\u00f4le &#8211; Kn\u00fcrr\u00ae Consoles\n\t<\/h3>\n\t<p>Compl\u00e9tez vos coordonn\u00e9es ci-dessous et t\u00e9l\u00e9chargez la brochure Solutions pour les salles de contr\u00f4le de Kn\u00fcrr\u00ae Consoles.<\/p>\n\t<h2>\n\t\t\t\tVous souhaitez recevoir une proposition sur mesure?\n\t\t\t<\/h2>\n\t\t\t<a href=\"https:\/\/ergo-lab.be\/lab\/fr\/contact\/\" target=\"_self\" role=\"button\" aria-label=\"Contactez-nous\" rel=\"noopener\">\n\t\t\t\t\t\t\tContactez-nous\n\t\t<\/a>\n\n","protected":false},"excerpt":{"rendered":"<p>Brochures Demandez vos brochures num\u00e9riques d\u00e8s maintenant! Contactez-nous Solutions pour les salles de contr\u00f4le &#8211; Kn\u00fcrr\u00ae Consoles Compl\u00e9tez vos coordonn\u00e9es ci-dessous et t\u00e9l\u00e9chargez la brochure Solutions pour les salles de contr\u00f4le de Kn\u00fcrr\u00ae Consoles. Vous souhaitez recevoir une proposition sur mesure? Contactez-nous<\/p>\n","protected":false},"author":1,"featured_media":0,"parent":3045,"menu_order":0,"comment_status":"closed","ping_status":"closed","template":"","meta":{"site-sidebar-layout":"no-sidebar","site-content-layout":"page-builder","ast-site-content-layout":"default","site-content-style":"default","site-sidebar-style":"default","ast-global-header-display":"","ast-banner-title-visibility":"","ast-main-header-display":"","ast-hfb-above-header-display":"","ast-hfb-below-header-display":"","ast-hfb-mobile-header-display":"","site-post-title":"disabled","ast-breadcrumbs-content":"","ast-featured-img":"disabled","footer-sml-layout":"","ast-disable-related-posts":"","theme-transparent-header-meta":"default","adv-header-id-meta":"","stick-header-meta":"default","header-above-stick-meta":"","header-main-stick-meta":"","header-below-stick-meta":"","astra-migrate-meta-layouts":"default","ast-page-background-enabled":"default","ast-page-background-meta":{"desktop":{"background-color":"","background-image":"","background-repeat":"repeat","background-position":"center center","background-size":"auto","background-attachment":"scroll","background-type":"","background-media":"","overlay-type":"","overlay-color":"","overlay-opacity":"","overlay-gradient":""},"tablet":{"background-color":"","background-image":"","background-repeat":"repeat","background-position":"center center","background-size":"auto","background-attachment":"scroll","background-type":"","background-media":"","overlay-type":"","overlay-color":"","overlay-opacity":"","overlay-gradient":""},"mobile":{"background-color":"","background-image":"","background-repeat":"repeat","background-position":"center center","background-size":"auto","background-attachment":"scroll","background-type":"","background-media":"","overlay-type":"","overlay-color":"","overlay-opacity":"","overlay-gradient":""}},"ast-content-background-meta":{"desktop":{"background-color":"var(--ast-global-color-5)","background-image":"","background-repeat":"repeat","background-position":"center center","background-size":"auto","background-attachment":"scroll","background-type":"","background-media":"","overlay-type":"","overlay-color":"","overlay-opacity":"","overlay-gradient":""},"tablet":{"background-color":"var(--ast-global-color-5)","background-image":"","background-repeat":"repeat","background-position":"center center","background-size":"auto","background-attachment":"scroll","background-type":"","background-media":"","overlay-type":"","overlay-color":"","overlay-opacity":"","overlay-gradient":""},"mobile":{"background-color":"var(--ast-global-color-5)","background-image":"","background-repeat":"repeat","background-position":"center center","background-size":"auto","background-attachment":"scroll","background-type":"","background-media":"","overlay-type":"","overlay-color":"","overlay-opacity":"","overlay-gradient":""}},"footnotes":""},"class_list":["post-3476","page","type-page","status-publish","hentry"],"yoast_head":"<!-- This site is optimized with the Yoast SEO plugin v27.5 - https:\/\/yoast.com\/product\/yoast-seo-wordpress\/ -->\n<title>T\u00e9l\u00e9chargez la brochure Control Room Infrastructure de Kn\u00fcrr\u00ae Consoles | Ergo-Lab<\/title>\n<meta name=\"description\" content=\"T\u00e9l\u00e9chargez la brochure Control Room Infrastructure de Kn\u00fcrr\u00ae Consoles. Cliquez vite ici pour continuer.\" \/>\n<meta name=\"robots\" content=\"index, follow, max-snippet:-1, max-image-preview:large, max-video-preview:-1\" \/>\n<link rel=\"canonical\" href=\"https:\/\/ergo-lab.be\/lab\/fr\/brochures\/brochures-knurr-consoles\/brochure-knuerr-consoles-room-solutions\/\" \/>\n<meta property=\"og:locale\" content=\"fr_FR\" \/>\n<meta property=\"og:type\" content=\"article\" \/>\n<meta property=\"og:title\" content=\"T\u00e9l\u00e9chargez la brochure Control Room Infrastructure de Kn\u00fcrr\u00ae Consoles | Ergo-Lab\" \/>\n<meta property=\"og:description\" content=\"T\u00e9l\u00e9chargez la brochure Control Room Infrastructure de Kn\u00fcrr\u00ae Consoles. Cliquez vite ici pour continuer.\" \/>\n<meta property=\"og:url\" content=\"https:\/\/ergo-lab.be\/lab\/fr\/brochures\/brochures-knurr-consoles\/brochure-knuerr-consoles-room-solutions\/\" \/>\n<meta property=\"og:site_name\" content=\"Lab\" \/>\n<meta property=\"article:publisher\" content=\"https:\/\/www.facebook.com\/people\/Ergo-lab\/100058838385893\/#\" \/>\n<meta property=\"article:modified_time\" content=\"2023-07-28T09:08:00+00:00\" \/>\n<meta property=\"og:image\" content=\"https:\/\/ergo-lab.be\/wp-content\/uploads\/sites\/4\/2022\/01\/control-room-solutions-knuerr-consoles-fr.jpg\" \/>\n<meta name=\"twitter:card\" content=\"summary_large_image\" \/>\n<script type=\"application\/ld+json\" class=\"yoast-schema-graph\">{\"@context\":\"https:\\\/\\\/schema.org\",\"@graph\":[{\"@type\":\"WebPage\",\"@id\":\"https:\\\/\\\/ergo-lab.be\\\/lab\\\/fr\\\/brochures\\\/brochures-knurr-consoles\\\/brochure-knuerr-consoles-room-solutions\\\/\",\"url\":\"https:\\\/\\\/ergo-lab.be\\\/lab\\\/fr\\\/brochures\\\/brochures-knurr-consoles\\\/brochure-knuerr-consoles-room-solutions\\\/\",\"name\":\"T\u00e9l\u00e9chargez la brochure Control Room Infrastructure de Kn\u00fcrr\u00ae Consoles | Ergo-Lab\",\"isPartOf\":{\"@id\":\"https:\\\/\\\/ergo-lab.be\\\/lab\\\/fr\\\/#website\"},\"primaryImageOfPage\":{\"@id\":\"https:\\\/\\\/ergo-lab.be\\\/lab\\\/fr\\\/brochures\\\/brochures-knurr-consoles\\\/brochure-knuerr-consoles-room-solutions\\\/#primaryimage\"},\"image\":{\"@id\":\"https:\\\/\\\/ergo-lab.be\\\/lab\\\/fr\\\/brochures\\\/brochures-knurr-consoles\\\/brochure-knuerr-consoles-room-solutions\\\/#primaryimage\"},\"thumbnailUrl\":\"https:\\\/\\\/ergo-lab.be\\\/wp-content\\\/uploads\\\/sites\\\/4\\\/2022\\\/01\\\/control-room-solutions-knuerr-consoles-fr.jpg\",\"datePublished\":\"2022-01-06T16:28:31+00:00\",\"dateModified\":\"2023-07-28T09:08:00+00:00\",\"description\":\"T\u00e9l\u00e9chargez la brochure Control Room Infrastructure de Kn\u00fcrr\u00ae Consoles. Cliquez vite ici pour continuer.\",\"breadcrumb\":{\"@id\":\"https:\\\/\\\/ergo-lab.be\\\/lab\\\/fr\\\/brochures\\\/brochures-knurr-consoles\\\/brochure-knuerr-consoles-room-solutions\\\/#breadcrumb\"},\"inLanguage\":\"fr-FR\",\"potentialAction\":[{\"@type\":\"ReadAction\",\"target\":[\"https:\\\/\\\/ergo-lab.be\\\/lab\\\/fr\\\/brochures\\\/brochures-knurr-consoles\\\/brochure-knuerr-consoles-room-solutions\\\/\"]}]},{\"@type\":\"ImageObject\",\"inLanguage\":\"fr-FR\",\"@id\":\"https:\\\/\\\/ergo-lab.be\\\/lab\\\/fr\\\/brochures\\\/brochures-knurr-consoles\\\/brochure-knuerr-consoles-room-solutions\\\/#primaryimage\",\"url\":\"https:\\\/\\\/ergo-lab.be\\\/wp-content\\\/uploads\\\/sites\\\/4\\\/2022\\\/01\\\/control-room-solutions-knuerr-consoles-fr.jpg\",\"contentUrl\":\"https:\\\/\\\/ergo-lab.be\\\/wp-content\\\/uploads\\\/sites\\\/4\\\/2022\\\/01\\\/control-room-solutions-knuerr-consoles-fr.jpg\"},{\"@type\":\"BreadcrumbList\",\"@id\":\"https:\\\/\\\/ergo-lab.be\\\/lab\\\/fr\\\/brochures\\\/brochures-knurr-consoles\\\/brochure-knuerr-consoles-room-solutions\\\/#breadcrumb\",\"itemListElement\":[{\"@type\":\"ListItem\",\"position\":1,\"name\":\"Home\",\"item\":\"https:\\\/\\\/ergo-lab.be\\\/lab\\\/fr\\\/\"},{\"@type\":\"ListItem\",\"position\":2,\"name\":\"Brochures\",\"item\":\"https:\\\/\\\/ergo-lab.be\\\/lab\\\/fr\\\/brochures\\\/\"},{\"@type\":\"ListItem\",\"position\":3,\"name\":\"Brochures Kn\u00fcrr\u00ae Consoles\",\"item\":\"https:\\\/\\\/ergo-lab.be\\\/lab\\\/fr\\\/brochures\\\/brochures-knurr-consoles\\\/\"},{\"@type\":\"ListItem\",\"position\":4,\"name\":\"Brochure Knuerr Consoles room solutions\"}]},{\"@type\":\"WebSite\",\"@id\":\"https:\\\/\\\/ergo-lab.be\\\/lab\\\/fr\\\/#website\",\"url\":\"https:\\\/\\\/ergo-lab.be\\\/lab\\\/fr\\\/\",\"name\":\"Lab by Ergo-Lab\",\"description\":\"Jouw full service integrator voor 24\\\/7 controlekamers en mobiele commandocentra\",\"publisher\":{\"@id\":\"https:\\\/\\\/ergo-lab.be\\\/lab\\\/fr\\\/#organization\"},\"potentialAction\":[{\"@type\":\"SearchAction\",\"target\":{\"@type\":\"EntryPoint\",\"urlTemplate\":\"https:\\\/\\\/ergo-lab.be\\\/lab\\\/fr\\\/?s={search_term_string}\"},\"query-input\":{\"@type\":\"PropertyValueSpecification\",\"valueRequired\":true,\"valueName\":\"search_term_string\"}}],\"inLanguage\":\"fr-FR\"},{\"@type\":\"Organization\",\"@id\":\"https:\\\/\\\/ergo-lab.be\\\/lab\\\/fr\\\/#organization\",\"name\":\"Ergo-Lab\",\"url\":\"https:\\\/\\\/ergo-lab.be\\\/lab\\\/fr\\\/\",\"logo\":{\"@type\":\"ImageObject\",\"inLanguage\":\"fr-FR\",\"@id\":\"https:\\\/\\\/ergo-lab.be\\\/lab\\\/fr\\\/#\\\/schema\\\/logo\\\/image\\\/\",\"url\":\"https:\\\/\\\/ergo-lab.be\\\/lab\\\/wp-content\\\/uploads\\\/sites\\\/4\\\/2025\\\/12\\\/Lab_new.png\",\"contentUrl\":\"https:\\\/\\\/ergo-lab.be\\\/lab\\\/wp-content\\\/uploads\\\/sites\\\/4\\\/2025\\\/12\\\/Lab_new.png\",\"width\":1108,\"height\":782,\"caption\":\"Ergo-Lab\"},\"image\":{\"@id\":\"https:\\\/\\\/ergo-lab.be\\\/lab\\\/fr\\\/#\\\/schema\\\/logo\\\/image\\\/\"},\"sameAs\":[\"https:\\\/\\\/www.facebook.com\\\/people\\\/Ergo-lab\\\/100058838385893\\\/#\",\"https:\\\/\\\/www.linkedin.com\\\/company\\\/ergo-lab-ergonomie\\\/\",\"https:\\\/\\\/www.youtube.com\\\/channel\\\/UCax8prAo2ExE-ySJNQeMH0w\"]}]}<\/script>\n<!-- \/ Yoast SEO plugin. -->","yoast_head_json":{"title":"T\u00e9l\u00e9chargez la brochure Control Room Infrastructure de Kn\u00fcrr\u00ae Consoles | Ergo-Lab","description":"T\u00e9l\u00e9chargez la brochure Control Room Infrastructure de Kn\u00fcrr\u00ae Consoles. Cliquez vite ici pour continuer.","robots":{"index":"index","follow":"follow","max-snippet":"max-snippet:-1","max-image-preview":"max-image-preview:large","max-video-preview":"max-video-preview:-1"},"canonical":"https:\/\/ergo-lab.be\/lab\/fr\/brochures\/brochures-knurr-consoles\/brochure-knuerr-consoles-room-solutions\/","og_locale":"fr_FR","og_type":"article","og_title":"T\u00e9l\u00e9chargez la brochure Control Room Infrastructure de Kn\u00fcrr\u00ae Consoles | Ergo-Lab","og_description":"T\u00e9l\u00e9chargez la brochure Control Room Infrastructure de Kn\u00fcrr\u00ae Consoles. Cliquez vite ici pour continuer.","og_url":"https:\/\/ergo-lab.be\/lab\/fr\/brochures\/brochures-knurr-consoles\/brochure-knuerr-consoles-room-solutions\/","og_site_name":"Lab","article_publisher":"https:\/\/www.facebook.com\/people\/Ergo-lab\/100058838385893\/#","article_modified_time":"2023-07-28T09:08:00+00:00","og_image":[{"url":"https:\/\/ergo-lab.be\/wp-content\/uploads\/sites\/4\/2022\/01\/control-room-solutions-knuerr-consoles-fr.jpg","type":"","width":"","height":""}],"twitter_card":"summary_large_image","schema":{"@context":"https:\/\/schema.org","@graph":[{"@type":"WebPage","@id":"https:\/\/ergo-lab.be\/lab\/fr\/brochures\/brochures-knurr-consoles\/brochure-knuerr-consoles-room-solutions\/","url":"https:\/\/ergo-lab.be\/lab\/fr\/brochures\/brochures-knurr-consoles\/brochure-knuerr-consoles-room-solutions\/","name":"T\u00e9l\u00e9chargez la brochure Control Room Infrastructure de Kn\u00fcrr\u00ae Consoles | Ergo-Lab","isPartOf":{"@id":"https:\/\/ergo-lab.be\/lab\/fr\/#website"},"primaryImageOfPage":{"@id":"https:\/\/ergo-lab.be\/lab\/fr\/brochures\/brochures-knurr-consoles\/brochure-knuerr-consoles-room-solutions\/#primaryimage"},"image":{"@id":"https:\/\/ergo-lab.be\/lab\/fr\/brochures\/brochures-knurr-consoles\/brochure-knuerr-consoles-room-solutions\/#primaryimage"},"thumbnailUrl":"https:\/\/ergo-lab.be\/wp-content\/uploads\/sites\/4\/2022\/01\/control-room-solutions-knuerr-consoles-fr.jpg","datePublished":"2022-01-06T16:28:31+00:00","dateModified":"2023-07-28T09:08:00+00:00","description":"T\u00e9l\u00e9chargez la brochure Control Room Infrastructure de Kn\u00fcrr\u00ae Consoles. Cliquez vite ici pour continuer.","breadcrumb":{"@id":"https:\/\/ergo-lab.be\/lab\/fr\/brochures\/brochures-knurr-consoles\/brochure-knuerr-consoles-room-solutions\/#breadcrumb"},"inLanguage":"fr-FR","potentialAction":[{"@type":"ReadAction","target":["https:\/\/ergo-lab.be\/lab\/fr\/brochures\/brochures-knurr-consoles\/brochure-knuerr-consoles-room-solutions\/"]}]},{"@type":"ImageObject","inLanguage":"fr-FR","@id":"https:\/\/ergo-lab.be\/lab\/fr\/brochures\/brochures-knurr-consoles\/brochure-knuerr-consoles-room-solutions\/#primaryimage","url":"https:\/\/ergo-lab.be\/wp-content\/uploads\/sites\/4\/2022\/01\/control-room-solutions-knuerr-consoles-fr.jpg","contentUrl":"https:\/\/ergo-lab.be\/wp-content\/uploads\/sites\/4\/2022\/01\/control-room-solutions-knuerr-consoles-fr.jpg"},{"@type":"BreadcrumbList","@id":"https:\/\/ergo-lab.be\/lab\/fr\/brochures\/brochures-knurr-consoles\/brochure-knuerr-consoles-room-solutions\/#breadcrumb","itemListElement":[{"@type":"ListItem","position":1,"name":"Home","item":"https:\/\/ergo-lab.be\/lab\/fr\/"},{"@type":"ListItem","position":2,"name":"Brochures","item":"https:\/\/ergo-lab.be\/lab\/fr\/brochures\/"},{"@type":"ListItem","position":3,"name":"Brochures Kn\u00fcrr\u00ae Consoles","item":"https:\/\/ergo-lab.be\/lab\/fr\/brochures\/brochures-knurr-consoles\/"},{"@type":"ListItem","position":4,"name":"Brochure Knuerr Consoles room solutions"}]},{"@type":"WebSite","@id":"https:\/\/ergo-lab.be\/lab\/fr\/#website","url":"https:\/\/ergo-lab.be\/lab\/fr\/","name":"Lab by Ergo-Lab","description":"Jouw full service integrator voor 24\/7 controlekamers en mobiele commandocentra","publisher":{"@id":"https:\/\/ergo-lab.be\/lab\/fr\/#organization"},"potentialAction":[{"@type":"SearchAction","target":{"@type":"EntryPoint","urlTemplate":"https:\/\/ergo-lab.be\/lab\/fr\/?s={search_term_string}"},"query-input":{"@type":"PropertyValueSpecification","valueRequired":true,"valueName":"search_term_string"}}],"inLanguage":"fr-FR"},{"@type":"Organization","@id":"https:\/\/ergo-lab.be\/lab\/fr\/#organization","name":"Ergo-Lab","url":"https:\/\/ergo-lab.be\/lab\/fr\/","logo":{"@type":"ImageObject","inLanguage":"fr-FR","@id":"https:\/\/ergo-lab.be\/lab\/fr\/#\/schema\/logo\/image\/","url":"https:\/\/ergo-lab.be\/lab\/wp-content\/uploads\/sites\/4\/2025\/12\/Lab_new.png","contentUrl":"https:\/\/ergo-lab.be\/lab\/wp-content\/uploads\/sites\/4\/2025\/12\/Lab_new.png","width":1108,"height":782,"caption":"Ergo-Lab"},"image":{"@id":"https:\/\/ergo-lab.be\/lab\/fr\/#\/schema\/logo\/image\/"},"sameAs":["https:\/\/www.facebook.com\/people\/Ergo-lab\/100058838385893\/#","https:\/\/www.linkedin.com\/company\/ergo-lab-ergonomie\/","https:\/\/www.youtube.com\/channel\/UCax8prAo2ExE-ySJNQeMH0w"]}]}},"jetpack_sharing_enabled":true,"_links":{"self":[{"href":"https:\/\/ergo-lab.be\/lab\/fr\/wp-json\/wp\/v2\/pages\/3476","targetHints":{"allow":["GET"]}}],"collection":[{"href":"https:\/\/ergo-lab.be\/lab\/fr\/wp-json\/wp\/v2\/pages"}],"about":[{"href":"https:\/\/ergo-lab.be\/lab\/fr\/wp-json\/wp\/v2\/types\/page"}],"author":[{"embeddable":true,"href":"https:\/\/ergo-lab.be\/lab\/fr\/wp-json\/wp\/v2\/users\/1"}],"replies":[{"embeddable":true,"href":"https:\/\/ergo-lab.be\/lab\/fr\/wp-json\/wp\/v2\/comments?post=3476"}],"version-history":[{"count":2,"href":"https:\/\/ergo-lab.be\/lab\/fr\/wp-json\/wp\/v2\/pages\/3476\/revisions"}],"predecessor-version":[{"id":5967,"href":"https:\/\/ergo-lab.be\/lab\/fr\/wp-json\/wp\/v2\/pages\/3476\/revisions\/5967"}],"up":[{"embeddable":true,"href":"https:\/\/ergo-lab.be\/lab\/fr\/wp-json\/wp\/v2\/pages\/3045"}],"wp:attachment":[{"href":"https:\/\/ergo-lab.be\/lab\/fr\/wp-json\/wp\/v2\/media?parent=3476"}],"curies":[{"name":"wp","href":"https:\/\/api.w.org\/{rel}","templated":true}]}}