{"id":3456,"date":"2022-01-06T13:19:54","date_gmt":"2022-01-06T13:19:54","guid":{"rendered":"https:\/\/ergo-lab.be\/lab\/cas-clients\/salle-de-controle-acoustique\/"},"modified":"2022-01-07T18:50:37","modified_gmt":"2022-01-07T18:50:37","slug":"salle-de-controle-acoustique","status":"publish","type":"page","link":"https:\/\/ergo-lab.be\/lab\/fr\/cas-clients\/salle-de-controle-acoustique\/","title":{"rendered":"Salle de contr\u00f4le acoustique"},"content":{"rendered":"\n\n\t<h1>\n\t\t\t\tSalle de contr\u00f4le acoustique\n\t\t\t<\/h1>\n\t\t\t<a href=\"https:\/\/ergo-lab.be\/lab\/fr\/lab-2\/?p=7370&#038;page_id=3103\" target=\"_self\" role=\"button\" aria-label=\"Contactez-nous\" rel=\"noopener\">\n\t\t\t\t\t\t\tContactez-nous\n\t\t<\/a>\n\t<p>Pour cet acteur international du secteur de la chimie, nous sommes partis d&rsquo;une feuille blanche, sans rien d&rsquo;autre qu&rsquo;un espace vide et quatre murs. C&rsquo;est tout ce dont nous avions besoin pour am\u00e9nager, en collaboration avec <a href=\"https:\/\/ergo-lab.be\/lab\/fr\/lab-2\/?p=7370&#038;page_id=3163\" target=\"_blank\" rel=\"noopener\"><u>Kn\u00fcrr\u00ae consoles<\/u><\/a>, un environnement de travail ergonomique avec tables de travail et chaises adapt\u00e9 \u00e0:<\/p>\n<ul>\n<li>des changements d&rsquo;\u00e9quipe constants<\/li>\n<li>un travail multi-\u00e9crans<\/li>\n<li>un travail en position assise ou debout<\/li>\n<\/ul>\n<p>Totalement adapt\u00e9 \u00e0 une utilisation 24 heures sur 24 gr\u00e2ce \u00e0:<\/p>\n<ul>\n<li>des possibilit\u00e9s de r\u00e9glage individuel et ergonomique<\/li>\n<li>des fonctionnalit\u00e9s innovantes<\/li>\n<li>une int\u00e9gration parfaite de l&rsquo;informatique<\/li>\n<\/ul>\n<p>Une condition importante pour la r\u00e9alisation de cette salle de contr\u00f4le \u00e9tait d&rsquo;en faire un espace acoustique. C&rsquo;est pourquoi nous y avons int\u00e9gr\u00e9 un mur multim\u00e9dia qui absorbe \u00e9galement le son.<\/p>\n<p>En outre, nous avons install\u00e9 les bureaux de la mani\u00e8re la plus centrale possible afin d&rsquo;optimiser la communication interne.<\/p>\n\t\t\t<a href=\"https:\/\/ergo-lab.be\/lab\/fr\/lab-2\/?p=7370&#038;page_id=3103\" target=\"_self\" role=\"button\" aria-label=\"Contactez-nous\" rel=\"noopener\">\n\t\t\t\t\t\t\tContactez-nous\n\t\t<\/a>\n\t\t\t\t<img loading=\"lazy\" decoding=\"async\" src=\"https:\/\/ergo-lab.be\/lab\/wp-content\/uploads\/sites\/4\/2021\/11\/Geluidsabsorberende_controlekamer_main-1.jpg\" alt=\"Salle-de-controle-acoustique\" itemprop=\"image\" height=\"1000\" width=\"1300\" title=\"Salle-de-controle-acoustique\" onerror=\"this.style.display='none'\"  \/>\n\t<h2>\n\t\t\t\tVous souhaitez recevoir une proposition sur mesure?\n\t\t\t<\/h2>\n\t\t\t<a href=\"https:\/\/ergo-lab.be\/lab\/fr\/lab-2\/?p=7370&#038;page_id=3103\" target=\"_self\" role=\"button\" aria-label=\"Contactez-nous\" rel=\"noopener\">\n\t\t\t\t\t\t\tContactez-nous\n\t\t<\/a>\n\n","protected":false},"excerpt":{"rendered":"<p>Salle de contr\u00f4le acoustique Contactez-nous Pour cet acteur international du secteur de la chimie, nous sommes partis d&rsquo;une feuille blanche, sans rien d&rsquo;autre qu&rsquo;un espace vide et quatre murs. C&rsquo;est tout ce dont nous avions besoin pour am\u00e9nager, en collaboration avec Kn\u00fcrr\u00ae consoles, un environnement de travail ergonomique avec tables de travail et chaises adapt\u00e9 [&hellip;]<\/p>\n","protected":false},"author":1,"featured_media":0,"parent":3102,"menu_order":0,"comment_status":"closed","ping_status":"closed","template":"","meta":{"site-sidebar-layout":"no-sidebar","site-content-layout":"page-builder","ast-site-content-layout":"default","site-content-style":"default","site-sidebar-style":"default","ast-global-header-display":"","ast-banner-title-visibility":"","ast-main-header-display":"","ast-hfb-above-header-display":"","ast-hfb-below-header-display":"","ast-hfb-mobile-header-display":"","site-post-title":"disabled","ast-breadcrumbs-content":"","ast-featured-img":"disabled","footer-sml-layout":"","ast-disable-related-posts":"","theme-transparent-header-meta":"default","adv-header-id-meta":"","stick-header-meta":"default","header-above-stick-meta":"","header-main-stick-meta":"","header-below-stick-meta":"","astra-migrate-meta-layouts":"default","ast-page-background-enabled":"default","ast-page-background-meta":{"desktop":{"background-color":"","background-image":"","background-repeat":"repeat","background-position":"center center","background-size":"auto","background-attachment":"scroll","background-type":"","background-media":"","overlay-type":"","overlay-color":"","overlay-opacity":"","overlay-gradient":""},"tablet":{"background-color":"","background-image":"","background-repeat":"repeat","background-position":"center center","background-size":"auto","background-attachment":"scroll","background-type":"","background-media":"","overlay-type":"","overlay-color":"","overlay-opacity":"","overlay-gradient":""},"mobile":{"background-color":"","background-image":"","background-repeat":"repeat","background-position":"center center","background-size":"auto","background-attachment":"scroll","background-type":"","background-media":"","overlay-type":"","overlay-color":"","overlay-opacity":"","overlay-gradient":""}},"ast-content-background-meta":{"desktop":{"background-color":"var(--ast-global-color-5)","background-image":"","background-repeat":"repeat","background-position":"center center","background-size":"auto","background-attachment":"scroll","background-type":"","background-media":"","overlay-type":"","overlay-color":"","overlay-opacity":"","overlay-gradient":""},"tablet":{"background-color":"var(--ast-global-color-5)","background-image":"","background-repeat":"repeat","background-position":"center center","background-size":"auto","background-attachment":"scroll","background-type":"","background-media":"","overlay-type":"","overlay-color":"","overlay-opacity":"","overlay-gradient":""},"mobile":{"background-color":"var(--ast-global-color-5)","background-image":"","background-repeat":"repeat","background-position":"center center","background-size":"auto","background-attachment":"scroll","background-type":"","background-media":"","overlay-type":"","overlay-color":"","overlay-opacity":"","overlay-gradient":""}},"footnotes":""},"class_list":["post-3456","page","type-page","status-publish","hentry"],"yoast_head":"<!-- This site is optimized with the Yoast SEO plugin v27.5 - https:\/\/yoast.com\/product\/yoast-seo-wordpress\/ -->\n<title>Salle de contr\u00f4le acoustique | Ergo-Lab<\/title>\n<meta name=\"description\" content=\"Pour cet acteur international du secteur de la chimie, nous sommes partis d&#039;une feuille blanche, sans rien d\u2019autre qu\u2019un espace vide et quatre murs.\" \/>\n<meta name=\"robots\" content=\"index, follow, max-snippet:-1, max-image-preview:large, max-video-preview:-1\" \/>\n<link rel=\"canonical\" href=\"https:\/\/ergo-lab.be\/lab\/fr\/cas-clients\/salle-de-controle-acoustique\/\" \/>\n<meta property=\"og:locale\" content=\"fr_FR\" \/>\n<meta property=\"og:type\" content=\"article\" \/>\n<meta property=\"og:title\" content=\"Salle de contr\u00f4le acoustique | Ergo-Lab\" \/>\n<meta property=\"og:description\" content=\"Pour cet acteur international du secteur de la chimie, nous sommes partis d&#039;une feuille blanche, sans rien d\u2019autre qu\u2019un espace vide et quatre murs.\" \/>\n<meta property=\"og:url\" content=\"https:\/\/ergo-lab.be\/lab\/fr\/cas-clients\/salle-de-controle-acoustique\/\" \/>\n<meta property=\"og:site_name\" content=\"Lab\" \/>\n<meta property=\"article:publisher\" content=\"https:\/\/www.facebook.com\/people\/Ergo-lab\/100058838385893\/#\" \/>\n<meta property=\"article:modified_time\" content=\"2022-01-07T18:50:37+00:00\" \/>\n<meta property=\"og:image\" content=\"https:\/\/ergo-lab.be\/wp-content\/uploads\/sites\/4\/2021\/11\/Geluidsabsorberende_controlekamer_main-1.jpg\" \/>\n<meta name=\"twitter:card\" content=\"summary_large_image\" \/>\n<meta name=\"twitter:label1\" content=\"Dur\u00e9e de lecture estim\u00e9e\" \/>\n\t<meta name=\"twitter:data1\" content=\"1 minute\" \/>\n<script type=\"application\/ld+json\" class=\"yoast-schema-graph\">{\"@context\":\"https:\\\/\\\/schema.org\",\"@graph\":[{\"@type\":\"WebPage\",\"@id\":\"https:\\\/\\\/ergo-lab.be\\\/lab\\\/fr\\\/cas-clients\\\/salle-de-controle-acoustique\\\/\",\"url\":\"https:\\\/\\\/ergo-lab.be\\\/lab\\\/fr\\\/cas-clients\\\/salle-de-controle-acoustique\\\/\",\"name\":\"Salle de contr\u00f4le acoustique | Ergo-Lab\",\"isPartOf\":{\"@id\":\"https:\\\/\\\/ergo-lab.be\\\/lab\\\/fr\\\/#website\"},\"primaryImageOfPage\":{\"@id\":\"https:\\\/\\\/ergo-lab.be\\\/lab\\\/fr\\\/cas-clients\\\/salle-de-controle-acoustique\\\/#primaryimage\"},\"image\":{\"@id\":\"https:\\\/\\\/ergo-lab.be\\\/lab\\\/fr\\\/cas-clients\\\/salle-de-controle-acoustique\\\/#primaryimage\"},\"thumbnailUrl\":\"https:\\\/\\\/ergo-lab.be\\\/lab\\\/wp-content\\\/uploads\\\/sites\\\/4\\\/2021\\\/11\\\/Geluidsabsorberende_controlekamer_main-1.jpg\",\"datePublished\":\"2022-01-06T13:19:54+00:00\",\"dateModified\":\"2022-01-07T18:50:37+00:00\",\"description\":\"Pour cet acteur international du secteur de la chimie, nous sommes partis d'une feuille blanche, sans rien d\u2019autre qu\u2019un espace vide et quatre murs.\",\"breadcrumb\":{\"@id\":\"https:\\\/\\\/ergo-lab.be\\\/lab\\\/fr\\\/cas-clients\\\/salle-de-controle-acoustique\\\/#breadcrumb\"},\"inLanguage\":\"fr-FR\",\"potentialAction\":[{\"@type\":\"ReadAction\",\"target\":[\"https:\\\/\\\/ergo-lab.be\\\/lab\\\/fr\\\/cas-clients\\\/salle-de-controle-acoustique\\\/\"]}]},{\"@type\":\"ImageObject\",\"inLanguage\":\"fr-FR\",\"@id\":\"https:\\\/\\\/ergo-lab.be\\\/lab\\\/fr\\\/cas-clients\\\/salle-de-controle-acoustique\\\/#primaryimage\",\"url\":\"https:\\\/\\\/ergo-lab.be\\\/lab\\\/wp-content\\\/uploads\\\/sites\\\/4\\\/2021\\\/11\\\/Geluidsabsorberende_controlekamer_main-1.jpg\",\"contentUrl\":\"https:\\\/\\\/ergo-lab.be\\\/lab\\\/wp-content\\\/uploads\\\/sites\\\/4\\\/2021\\\/11\\\/Geluidsabsorberende_controlekamer_main-1.jpg\"},{\"@type\":\"BreadcrumbList\",\"@id\":\"https:\\\/\\\/ergo-lab.be\\\/lab\\\/fr\\\/cas-clients\\\/salle-de-controle-acoustique\\\/#breadcrumb\",\"itemListElement\":[{\"@type\":\"ListItem\",\"position\":1,\"name\":\"Home\",\"item\":\"https:\\\/\\\/ergo-lab.be\\\/lab\\\/fr\\\/\"},{\"@type\":\"ListItem\",\"position\":2,\"name\":\"Cas clients\",\"item\":\"https:\\\/\\\/ergo-lab.be\\\/lab\\\/fr\\\/cas-clients\\\/\"},{\"@type\":\"ListItem\",\"position\":3,\"name\":\"Salle de contr\u00f4le acoustique\"}]},{\"@type\":\"WebSite\",\"@id\":\"https:\\\/\\\/ergo-lab.be\\\/lab\\\/fr\\\/#website\",\"url\":\"https:\\\/\\\/ergo-lab.be\\\/lab\\\/fr\\\/\",\"name\":\"Lab by Ergo-Lab\",\"description\":\"Jouw full service integrator voor 24\\\/7 controlekamers en mobiele commandocentra\",\"publisher\":{\"@id\":\"https:\\\/\\\/ergo-lab.be\\\/lab\\\/fr\\\/#organization\"},\"potentialAction\":[{\"@type\":\"SearchAction\",\"target\":{\"@type\":\"EntryPoint\",\"urlTemplate\":\"https:\\\/\\\/ergo-lab.be\\\/lab\\\/fr\\\/?s={search_term_string}\"},\"query-input\":{\"@type\":\"PropertyValueSpecification\",\"valueRequired\":true,\"valueName\":\"search_term_string\"}}],\"inLanguage\":\"fr-FR\"},{\"@type\":\"Organization\",\"@id\":\"https:\\\/\\\/ergo-lab.be\\\/lab\\\/fr\\\/#organization\",\"name\":\"Ergo-Lab\",\"url\":\"https:\\\/\\\/ergo-lab.be\\\/lab\\\/fr\\\/\",\"logo\":{\"@type\":\"ImageObject\",\"inLanguage\":\"fr-FR\",\"@id\":\"https:\\\/\\\/ergo-lab.be\\\/lab\\\/fr\\\/#\\\/schema\\\/logo\\\/image\\\/\",\"url\":\"https:\\\/\\\/ergo-lab.be\\\/lab\\\/wp-content\\\/uploads\\\/sites\\\/4\\\/2025\\\/12\\\/Lab_new.png\",\"contentUrl\":\"https:\\\/\\\/ergo-lab.be\\\/lab\\\/wp-content\\\/uploads\\\/sites\\\/4\\\/2025\\\/12\\\/Lab_new.png\",\"width\":1108,\"height\":782,\"caption\":\"Ergo-Lab\"},\"image\":{\"@id\":\"https:\\\/\\\/ergo-lab.be\\\/lab\\\/fr\\\/#\\\/schema\\\/logo\\\/image\\\/\"},\"sameAs\":[\"https:\\\/\\\/www.facebook.com\\\/people\\\/Ergo-lab\\\/100058838385893\\\/#\",\"https:\\\/\\\/www.linkedin.com\\\/company\\\/ergo-lab-ergonomie\\\/\",\"https:\\\/\\\/www.youtube.com\\\/channel\\\/UCax8prAo2ExE-ySJNQeMH0w\"]}]}<\/script>\n<!-- \/ Yoast SEO plugin. -->","yoast_head_json":{"title":"Salle de contr\u00f4le acoustique | Ergo-Lab","description":"Pour cet acteur international du secteur de la chimie, nous sommes partis d'une feuille blanche, sans rien d\u2019autre qu\u2019un espace vide et quatre murs.","robots":{"index":"index","follow":"follow","max-snippet":"max-snippet:-1","max-image-preview":"max-image-preview:large","max-video-preview":"max-video-preview:-1"},"canonical":"https:\/\/ergo-lab.be\/lab\/fr\/cas-clients\/salle-de-controle-acoustique\/","og_locale":"fr_FR","og_type":"article","og_title":"Salle de contr\u00f4le acoustique | Ergo-Lab","og_description":"Pour cet acteur international du secteur de la chimie, nous sommes partis d'une feuille blanche, sans rien d\u2019autre qu\u2019un espace vide et quatre murs.","og_url":"https:\/\/ergo-lab.be\/lab\/fr\/cas-clients\/salle-de-controle-acoustique\/","og_site_name":"Lab","article_publisher":"https:\/\/www.facebook.com\/people\/Ergo-lab\/100058838385893\/#","article_modified_time":"2022-01-07T18:50:37+00:00","og_image":[{"url":"https:\/\/ergo-lab.be\/wp-content\/uploads\/sites\/4\/2021\/11\/Geluidsabsorberende_controlekamer_main-1.jpg","type":"","width":"","height":""}],"twitter_card":"summary_large_image","twitter_misc":{"Dur\u00e9e de lecture estim\u00e9e":"1 minute"},"schema":{"@context":"https:\/\/schema.org","@graph":[{"@type":"WebPage","@id":"https:\/\/ergo-lab.be\/lab\/fr\/cas-clients\/salle-de-controle-acoustique\/","url":"https:\/\/ergo-lab.be\/lab\/fr\/cas-clients\/salle-de-controle-acoustique\/","name":"Salle de contr\u00f4le acoustique | Ergo-Lab","isPartOf":{"@id":"https:\/\/ergo-lab.be\/lab\/fr\/#website"},"primaryImageOfPage":{"@id":"https:\/\/ergo-lab.be\/lab\/fr\/cas-clients\/salle-de-controle-acoustique\/#primaryimage"},"image":{"@id":"https:\/\/ergo-lab.be\/lab\/fr\/cas-clients\/salle-de-controle-acoustique\/#primaryimage"},"thumbnailUrl":"https:\/\/ergo-lab.be\/lab\/wp-content\/uploads\/sites\/4\/2021\/11\/Geluidsabsorberende_controlekamer_main-1.jpg","datePublished":"2022-01-06T13:19:54+00:00","dateModified":"2022-01-07T18:50:37+00:00","description":"Pour cet acteur international du secteur de la chimie, nous sommes partis d'une feuille blanche, sans rien d\u2019autre qu\u2019un espace vide et quatre murs.","breadcrumb":{"@id":"https:\/\/ergo-lab.be\/lab\/fr\/cas-clients\/salle-de-controle-acoustique\/#breadcrumb"},"inLanguage":"fr-FR","potentialAction":[{"@type":"ReadAction","target":["https:\/\/ergo-lab.be\/lab\/fr\/cas-clients\/salle-de-controle-acoustique\/"]}]},{"@type":"ImageObject","inLanguage":"fr-FR","@id":"https:\/\/ergo-lab.be\/lab\/fr\/cas-clients\/salle-de-controle-acoustique\/#primaryimage","url":"https:\/\/ergo-lab.be\/lab\/wp-content\/uploads\/sites\/4\/2021\/11\/Geluidsabsorberende_controlekamer_main-1.jpg","contentUrl":"https:\/\/ergo-lab.be\/lab\/wp-content\/uploads\/sites\/4\/2021\/11\/Geluidsabsorberende_controlekamer_main-1.jpg"},{"@type":"BreadcrumbList","@id":"https:\/\/ergo-lab.be\/lab\/fr\/cas-clients\/salle-de-controle-acoustique\/#breadcrumb","itemListElement":[{"@type":"ListItem","position":1,"name":"Home","item":"https:\/\/ergo-lab.be\/lab\/fr\/"},{"@type":"ListItem","position":2,"name":"Cas clients","item":"https:\/\/ergo-lab.be\/lab\/fr\/cas-clients\/"},{"@type":"ListItem","position":3,"name":"Salle de contr\u00f4le acoustique"}]},{"@type":"WebSite","@id":"https:\/\/ergo-lab.be\/lab\/fr\/#website","url":"https:\/\/ergo-lab.be\/lab\/fr\/","name":"Lab by Ergo-Lab","description":"Jouw full service integrator voor 24\/7 controlekamers en mobiele commandocentra","publisher":{"@id":"https:\/\/ergo-lab.be\/lab\/fr\/#organization"},"potentialAction":[{"@type":"SearchAction","target":{"@type":"EntryPoint","urlTemplate":"https:\/\/ergo-lab.be\/lab\/fr\/?s={search_term_string}"},"query-input":{"@type":"PropertyValueSpecification","valueRequired":true,"valueName":"search_term_string"}}],"inLanguage":"fr-FR"},{"@type":"Organization","@id":"https:\/\/ergo-lab.be\/lab\/fr\/#organization","name":"Ergo-Lab","url":"https:\/\/ergo-lab.be\/lab\/fr\/","logo":{"@type":"ImageObject","inLanguage":"fr-FR","@id":"https:\/\/ergo-lab.be\/lab\/fr\/#\/schema\/logo\/image\/","url":"https:\/\/ergo-lab.be\/lab\/wp-content\/uploads\/sites\/4\/2025\/12\/Lab_new.png","contentUrl":"https:\/\/ergo-lab.be\/lab\/wp-content\/uploads\/sites\/4\/2025\/12\/Lab_new.png","width":1108,"height":782,"caption":"Ergo-Lab"},"image":{"@id":"https:\/\/ergo-lab.be\/lab\/fr\/#\/schema\/logo\/image\/"},"sameAs":["https:\/\/www.facebook.com\/people\/Ergo-lab\/100058838385893\/#","https:\/\/www.linkedin.com\/company\/ergo-lab-ergonomie\/","https:\/\/www.youtube.com\/channel\/UCax8prAo2ExE-ySJNQeMH0w"]}]}},"jetpack_sharing_enabled":true,"_links":{"self":[{"href":"https:\/\/ergo-lab.be\/lab\/fr\/wp-json\/wp\/v2\/pages\/3456","targetHints":{"allow":["GET"]}}],"collection":[{"href":"https:\/\/ergo-lab.be\/lab\/fr\/wp-json\/wp\/v2\/pages"}],"about":[{"href":"https:\/\/ergo-lab.be\/lab\/fr\/wp-json\/wp\/v2\/types\/page"}],"author":[{"embeddable":true,"href":"https:\/\/ergo-lab.be\/lab\/fr\/wp-json\/wp\/v2\/users\/1"}],"replies":[{"embeddable":true,"href":"https:\/\/ergo-lab.be\/lab\/fr\/wp-json\/wp\/v2\/comments?post=3456"}],"version-history":[{"count":1,"href":"https:\/\/ergo-lab.be\/lab\/fr\/wp-json\/wp\/v2\/pages\/3456\/revisions"}],"predecessor-version":[{"id":3651,"href":"https:\/\/ergo-lab.be\/lab\/fr\/wp-json\/wp\/v2\/pages\/3456\/revisions\/3651"}],"up":[{"embeddable":true,"href":"https:\/\/ergo-lab.be\/lab\/fr\/wp-json\/wp\/v2\/pages\/3102"}],"wp:attachment":[{"href":"https:\/\/ergo-lab.be\/lab\/fr\/wp-json\/wp\/v2\/media?parent=3456"}],"curies":[{"name":"wp","href":"https:\/\/api.w.org\/{rel}","templated":true}]}}