{"id":3451,"date":"2022-01-06T13:12:29","date_gmt":"2022-01-06T13:12:29","guid":{"rendered":"https:\/\/ergo-lab.be\/lab\/cas-clients\/une-ergonomie-24-7-avec-eclairage-approprie\/"},"modified":"2026-05-06T12:44:26","modified_gmt":"2026-05-06T12:44:26","slug":"eclairage-approprie-salle-de-controle","status":"publish","type":"page","link":"https:\/\/ergo-lab.be\/lab\/fr\/cas-clients\/eclairage-approprie-salle-de-controle\/","title":{"rendered":"Une ergonomie 24\/7 avec \u00e9clairage appropri\u00e9"},"content":{"rendered":"\n\n\t<h1>\n\t\t\t\t24\/7 ergonomie met toepasbare verlichting\n\t\t\t<\/h1>\n\t\t\t<a href=\"https:\/\/ergo-lab.be\/lab\/contact\" title=\"Klik Hier\" target=\"_self\"   role=\"button\" aria-label=\"Neem contact op\">\n\t\t\t\t\t\t\tNeem contact op\n\t\t<\/a>\n\t<p>Door ergonomie voor controle- of meldkamer is er meer veiligheid in de bedrijven.<\/p>\n<p>Op basis van onderzoeken van Matthew Walker en Dalena van Heughten kennen wij de belangrijkheid (gezondheid\/veiligheid) van slaap en impact van \u00ab\u00a0licht\u00a0\u00bb in deze.<\/p>\n<p>Wij ontwikkelden met <a href=\"https:\/\/ergo-lab.be\/lab\/controlekamers\/\">Kn\u00fcrr\u00ae Consoles &#8211; A Vertiv Company<\/a> een tafel en videowand voor controle- of meldkamer waarbij essenti\u00eble ergonomische eisen zijn toegepast alsook toepasbare verlichting voor mensen die de klok rond werken.<\/p>\n<ul>\n<li>Zit\/sta functie met sensor drukveiligheid en trilweerstand van schermen.<\/li>\n<li>Aparte hoogteverstelling en diepteregeling van schermen op controletafel.<\/li>\n<li>Schermarmen ontwikkeld voor toekomstige nieuwe grote en zware schermen.<\/li>\n<li>Schermen van akoestische videowand zijn ook in hoogte regelbaar.<\/li>\n<li>Bereikbare (gaat mee met tafelhoogte) computer-KVM waarbij kabels niet kunnen klemmen.<\/li>\n<li>Individuele speciaal ontwikkelde verlichting (4000K) (130-2600 lux)<\/li>\n<li>Bijpassende <a href=\"https:\/\/ergo-lab.be\/lab\/24-uurs-stoel\/\">controlestoel Svenstol S5<\/a> die dynamisch werken in controlekamer ondersteunt.<\/li>\n<\/ul>\n<p>Wij hebben zeer gunstige resultaten bij nationale en internationale toepassingen.<\/p>\n\t\t<iframe loading=\"lazy\" title=\"Monitorwand Kn\u00fcrr\u00ae Consoles | 24\/7 Controlekamers | Ergo-Lab\" width=\"500\" height=\"281\" src=\"https:\/\/www.youtube.com\/embed\/x6BHbZ6TRUA?feature=oembed\" frameborder=\"0\" allow=\"accelerometer; autoplay; clipboard-write; encrypted-media; gyroscope; picture-in-picture; web-share\" referrerpolicy=\"strict-origin-when-cross-origin\" allowfullscreen><\/iframe>\t\n\t\t<iframe loading=\"lazy\" title=\"Ergocon Kn\u00fcrr\u00ae Consoles | 24\/7 Controlekamers | Ergo-Lab\" width=\"500\" height=\"281\" src=\"https:\/\/www.youtube.com\/embed\/pfZsKC18AIo?feature=oembed\" frameborder=\"0\" allow=\"accelerometer; autoplay; clipboard-write; encrypted-media; gyroscope; picture-in-picture; web-share\" referrerpolicy=\"strict-origin-when-cross-origin\" allowfullscreen><\/iframe>\t\n\t<h2>\n\t\t\t\tEen voorstel op maat ontvangen?\n\t\t\t<\/h2>\n\t\t\t<a href=\"https:\/\/ergo-lab.be\/lab\/contact\" title=\"Klik Hier\" target=\"_self\"   role=\"button\" aria-label=\"Neem contact op\">\n\t\t\t\t\t\t\tNeem contact op\n\t\t<\/a>\n\n","protected":false},"excerpt":{"rendered":"<p>24\/7 ergonomie met toepasbare verlichting Neem contact op Door ergonomie voor controle- of meldkamer is er meer veiligheid in de bedrijven. Op basis van onderzoeken van Matthew Walker en Dalena van Heughten kennen wij de belangrijkheid (gezondheid\/veiligheid) van slaap en impact van \u00ab\u00a0licht\u00a0\u00bb in deze. Wij ontwikkelden met Kn\u00fcrr\u00ae Consoles &#8211; A Vertiv Company een [&hellip;]<\/p>\n","protected":false},"author":1,"featured_media":0,"parent":3102,"menu_order":0,"comment_status":"closed","ping_status":"closed","template":"","meta":{"site-sidebar-layout":"no-sidebar","site-content-layout":"page-builder","ast-site-content-layout":"default","site-content-style":"default","site-sidebar-style":"default","ast-global-header-display":"","ast-banner-title-visibility":"","ast-main-header-display":"","ast-hfb-above-header-display":"","ast-hfb-below-header-display":"","ast-hfb-mobile-header-display":"","site-post-title":"disabled","ast-breadcrumbs-content":"","ast-featured-img":"disabled","footer-sml-layout":"","ast-disable-related-posts":"","theme-transparent-header-meta":"default","adv-header-id-meta":"","stick-header-meta":"default","header-above-stick-meta":"","header-main-stick-meta":"","header-below-stick-meta":"","astra-migrate-meta-layouts":"default","ast-page-background-enabled":"default","ast-page-background-meta":{"desktop":{"background-color":"","background-image":"","background-repeat":"repeat","background-position":"center center","background-size":"auto","background-attachment":"scroll","background-type":"","background-media":"","overlay-type":"","overlay-color":"","overlay-opacity":"","overlay-gradient":""},"tablet":{"background-color":"","background-image":"","background-repeat":"repeat","background-position":"center center","background-size":"auto","background-attachment":"scroll","background-type":"","background-media":"","overlay-type":"","overlay-color":"","overlay-opacity":"","overlay-gradient":""},"mobile":{"background-color":"","background-image":"","background-repeat":"repeat","background-position":"center center","background-size":"auto","background-attachment":"scroll","background-type":"","background-media":"","overlay-type":"","overlay-color":"","overlay-opacity":"","overlay-gradient":""}},"ast-content-background-meta":{"desktop":{"background-color":"var(--ast-global-color-5)","background-image":"","background-repeat":"repeat","background-position":"center center","background-size":"auto","background-attachment":"scroll","background-type":"","background-media":"","overlay-type":"","overlay-color":"","overlay-opacity":"","overlay-gradient":""},"tablet":{"background-color":"var(--ast-global-color-5)","background-image":"","background-repeat":"repeat","background-position":"center center","background-size":"auto","background-attachment":"scroll","background-type":"","background-media":"","overlay-type":"","overlay-color":"","overlay-opacity":"","overlay-gradient":""},"mobile":{"background-color":"var(--ast-global-color-5)","background-image":"","background-repeat":"repeat","background-position":"center center","background-size":"auto","background-attachment":"scroll","background-type":"","background-media":"","overlay-type":"","overlay-color":"","overlay-opacity":"","overlay-gradient":""}},"footnotes":""},"class_list":["post-3451","page","type-page","status-publish","hentry"],"yoast_head":"<!-- This site is optimized with the Yoast SEO plugin v27.5 - https:\/\/yoast.com\/product\/yoast-seo-wordpress\/ -->\n<title>Une ergonomie 24\/7 avec \u00e9clairage appropri\u00e9 | Ergo-Lab<\/title>\n<meta name=\"description\" content=\"Dans ce projet, Ergo-Lab a eu un r\u00f4le important \u00e0 jouer dans l&#039;ergonomie 24\/7 avec un \u00e9clairage appropri\u00e9. Cliquez vite ici pour continuer.\" \/>\n<meta name=\"robots\" content=\"index, follow, max-snippet:-1, max-image-preview:large, max-video-preview:-1\" \/>\n<link rel=\"canonical\" href=\"https:\/\/ergo-lab.be\/lab\/fr\/cas-clients\/eclairage-approprie-salle-de-controle\/\" \/>\n<meta property=\"og:locale\" content=\"fr_FR\" \/>\n<meta property=\"og:type\" content=\"article\" \/>\n<meta property=\"og:title\" content=\"Une ergonomie 24\/7 avec \u00e9clairage appropri\u00e9 | Ergo-Lab\" \/>\n<meta property=\"og:description\" content=\"Dans ce projet, Ergo-Lab a eu un r\u00f4le important \u00e0 jouer dans l&#039;ergonomie 24\/7 avec un \u00e9clairage appropri\u00e9. Cliquez vite ici pour continuer.\" \/>\n<meta property=\"og:url\" content=\"https:\/\/ergo-lab.be\/lab\/fr\/cas-clients\/eclairage-approprie-salle-de-controle\/\" \/>\n<meta property=\"og:site_name\" content=\"Lab\" \/>\n<meta property=\"article:publisher\" content=\"https:\/\/www.facebook.com\/people\/Ergo-lab\/100058838385893\/#\" \/>\n<meta property=\"article:modified_time\" content=\"2026-05-06T12:44:26+00:00\" \/>\n<meta property=\"og:image\" content=\"https:\/\/ergo-lab.be\/lab\/wp-content\/uploads\/sites\/4\/2025\/12\/Lab_new.png\" \/>\n\t<meta property=\"og:image:width\" content=\"1108\" \/>\n\t<meta property=\"og:image:height\" content=\"782\" \/>\n\t<meta property=\"og:image:type\" content=\"image\/png\" \/>\n<meta name=\"twitter:card\" content=\"summary_large_image\" \/>\n<meta name=\"twitter:label1\" content=\"Dur\u00e9e de lecture estim\u00e9e\" \/>\n\t<meta name=\"twitter:data1\" content=\"1 minute\" \/>\n<script type=\"application\/ld+json\" class=\"yoast-schema-graph\">{\"@context\":\"https:\\\/\\\/schema.org\",\"@graph\":[{\"@type\":\"WebPage\",\"@id\":\"https:\\\/\\\/ergo-lab.be\\\/lab\\\/fr\\\/cas-clients\\\/eclairage-approprie-salle-de-controle\\\/\",\"url\":\"https:\\\/\\\/ergo-lab.be\\\/lab\\\/fr\\\/cas-clients\\\/eclairage-approprie-salle-de-controle\\\/\",\"name\":\"Une ergonomie 24\\\/7 avec \u00e9clairage appropri\u00e9 | Ergo-Lab\",\"isPartOf\":{\"@id\":\"https:\\\/\\\/ergo-lab.be\\\/lab\\\/fr\\\/#website\"},\"datePublished\":\"2022-01-06T13:12:29+00:00\",\"dateModified\":\"2026-05-06T12:44:26+00:00\",\"description\":\"Dans ce projet, Ergo-Lab a eu un r\u00f4le important \u00e0 jouer dans l'ergonomie 24\\\/7 avec un \u00e9clairage appropri\u00e9. Cliquez vite ici pour continuer.\",\"breadcrumb\":{\"@id\":\"https:\\\/\\\/ergo-lab.be\\\/lab\\\/fr\\\/cas-clients\\\/eclairage-approprie-salle-de-controle\\\/#breadcrumb\"},\"inLanguage\":\"fr-FR\",\"potentialAction\":[{\"@type\":\"ReadAction\",\"target\":[\"https:\\\/\\\/ergo-lab.be\\\/lab\\\/fr\\\/cas-clients\\\/eclairage-approprie-salle-de-controle\\\/\"]}]},{\"@type\":\"BreadcrumbList\",\"@id\":\"https:\\\/\\\/ergo-lab.be\\\/lab\\\/fr\\\/cas-clients\\\/eclairage-approprie-salle-de-controle\\\/#breadcrumb\",\"itemListElement\":[{\"@type\":\"ListItem\",\"position\":1,\"name\":\"Home\",\"item\":\"https:\\\/\\\/ergo-lab.be\\\/lab\\\/fr\\\/\"},{\"@type\":\"ListItem\",\"position\":2,\"name\":\"Cas clients\",\"item\":\"https:\\\/\\\/ergo-lab.be\\\/lab\\\/fr\\\/cas-clients\\\/\"},{\"@type\":\"ListItem\",\"position\":3,\"name\":\"Une ergonomie 24\\\/7 avec \u00e9clairage appropri\u00e9\"}]},{\"@type\":\"WebSite\",\"@id\":\"https:\\\/\\\/ergo-lab.be\\\/lab\\\/fr\\\/#website\",\"url\":\"https:\\\/\\\/ergo-lab.be\\\/lab\\\/fr\\\/\",\"name\":\"Lab by Ergo-Lab\",\"description\":\"Jouw full service integrator voor 24\\\/7 controlekamers en mobiele commandocentra\",\"publisher\":{\"@id\":\"https:\\\/\\\/ergo-lab.be\\\/lab\\\/fr\\\/#organization\"},\"potentialAction\":[{\"@type\":\"SearchAction\",\"target\":{\"@type\":\"EntryPoint\",\"urlTemplate\":\"https:\\\/\\\/ergo-lab.be\\\/lab\\\/fr\\\/?s={search_term_string}\"},\"query-input\":{\"@type\":\"PropertyValueSpecification\",\"valueRequired\":true,\"valueName\":\"search_term_string\"}}],\"inLanguage\":\"fr-FR\"},{\"@type\":\"Organization\",\"@id\":\"https:\\\/\\\/ergo-lab.be\\\/lab\\\/fr\\\/#organization\",\"name\":\"Ergo-Lab\",\"url\":\"https:\\\/\\\/ergo-lab.be\\\/lab\\\/fr\\\/\",\"logo\":{\"@type\":\"ImageObject\",\"inLanguage\":\"fr-FR\",\"@id\":\"https:\\\/\\\/ergo-lab.be\\\/lab\\\/fr\\\/#\\\/schema\\\/logo\\\/image\\\/\",\"url\":\"https:\\\/\\\/ergo-lab.be\\\/lab\\\/wp-content\\\/uploads\\\/sites\\\/4\\\/2025\\\/12\\\/Lab_new.png\",\"contentUrl\":\"https:\\\/\\\/ergo-lab.be\\\/lab\\\/wp-content\\\/uploads\\\/sites\\\/4\\\/2025\\\/12\\\/Lab_new.png\",\"width\":1108,\"height\":782,\"caption\":\"Ergo-Lab\"},\"image\":{\"@id\":\"https:\\\/\\\/ergo-lab.be\\\/lab\\\/fr\\\/#\\\/schema\\\/logo\\\/image\\\/\"},\"sameAs\":[\"https:\\\/\\\/www.facebook.com\\\/people\\\/Ergo-lab\\\/100058838385893\\\/#\",\"https:\\\/\\\/www.linkedin.com\\\/company\\\/ergo-lab-ergonomie\\\/\",\"https:\\\/\\\/www.youtube.com\\\/channel\\\/UCax8prAo2ExE-ySJNQeMH0w\"]}]}<\/script>\n<!-- \/ Yoast SEO plugin. -->","yoast_head_json":{"title":"Une ergonomie 24\/7 avec \u00e9clairage appropri\u00e9 | Ergo-Lab","description":"Dans ce projet, Ergo-Lab a eu un r\u00f4le important \u00e0 jouer dans l'ergonomie 24\/7 avec un \u00e9clairage appropri\u00e9. Cliquez vite ici pour continuer.","robots":{"index":"index","follow":"follow","max-snippet":"max-snippet:-1","max-image-preview":"max-image-preview:large","max-video-preview":"max-video-preview:-1"},"canonical":"https:\/\/ergo-lab.be\/lab\/fr\/cas-clients\/eclairage-approprie-salle-de-controle\/","og_locale":"fr_FR","og_type":"article","og_title":"Une ergonomie 24\/7 avec \u00e9clairage appropri\u00e9 | Ergo-Lab","og_description":"Dans ce projet, Ergo-Lab a eu un r\u00f4le important \u00e0 jouer dans l'ergonomie 24\/7 avec un \u00e9clairage appropri\u00e9. Cliquez vite ici pour continuer.","og_url":"https:\/\/ergo-lab.be\/lab\/fr\/cas-clients\/eclairage-approprie-salle-de-controle\/","og_site_name":"Lab","article_publisher":"https:\/\/www.facebook.com\/people\/Ergo-lab\/100058838385893\/#","article_modified_time":"2026-05-06T12:44:26+00:00","og_image":[{"width":1108,"height":782,"url":"https:\/\/ergo-lab.be\/lab\/wp-content\/uploads\/sites\/4\/2025\/12\/Lab_new.png","type":"image\/png"}],"twitter_card":"summary_large_image","twitter_misc":{"Dur\u00e9e de lecture estim\u00e9e":"1 minute"},"schema":{"@context":"https:\/\/schema.org","@graph":[{"@type":"WebPage","@id":"https:\/\/ergo-lab.be\/lab\/fr\/cas-clients\/eclairage-approprie-salle-de-controle\/","url":"https:\/\/ergo-lab.be\/lab\/fr\/cas-clients\/eclairage-approprie-salle-de-controle\/","name":"Une ergonomie 24\/7 avec \u00e9clairage appropri\u00e9 | Ergo-Lab","isPartOf":{"@id":"https:\/\/ergo-lab.be\/lab\/fr\/#website"},"datePublished":"2022-01-06T13:12:29+00:00","dateModified":"2026-05-06T12:44:26+00:00","description":"Dans ce projet, Ergo-Lab a eu un r\u00f4le important \u00e0 jouer dans l'ergonomie 24\/7 avec un \u00e9clairage appropri\u00e9. Cliquez vite ici pour continuer.","breadcrumb":{"@id":"https:\/\/ergo-lab.be\/lab\/fr\/cas-clients\/eclairage-approprie-salle-de-controle\/#breadcrumb"},"inLanguage":"fr-FR","potentialAction":[{"@type":"ReadAction","target":["https:\/\/ergo-lab.be\/lab\/fr\/cas-clients\/eclairage-approprie-salle-de-controle\/"]}]},{"@type":"BreadcrumbList","@id":"https:\/\/ergo-lab.be\/lab\/fr\/cas-clients\/eclairage-approprie-salle-de-controle\/#breadcrumb","itemListElement":[{"@type":"ListItem","position":1,"name":"Home","item":"https:\/\/ergo-lab.be\/lab\/fr\/"},{"@type":"ListItem","position":2,"name":"Cas clients","item":"https:\/\/ergo-lab.be\/lab\/fr\/cas-clients\/"},{"@type":"ListItem","position":3,"name":"Une ergonomie 24\/7 avec \u00e9clairage appropri\u00e9"}]},{"@type":"WebSite","@id":"https:\/\/ergo-lab.be\/lab\/fr\/#website","url":"https:\/\/ergo-lab.be\/lab\/fr\/","name":"Lab by Ergo-Lab","description":"Jouw full service integrator voor 24\/7 controlekamers en mobiele commandocentra","publisher":{"@id":"https:\/\/ergo-lab.be\/lab\/fr\/#organization"},"potentialAction":[{"@type":"SearchAction","target":{"@type":"EntryPoint","urlTemplate":"https:\/\/ergo-lab.be\/lab\/fr\/?s={search_term_string}"},"query-input":{"@type":"PropertyValueSpecification","valueRequired":true,"valueName":"search_term_string"}}],"inLanguage":"fr-FR"},{"@type":"Organization","@id":"https:\/\/ergo-lab.be\/lab\/fr\/#organization","name":"Ergo-Lab","url":"https:\/\/ergo-lab.be\/lab\/fr\/","logo":{"@type":"ImageObject","inLanguage":"fr-FR","@id":"https:\/\/ergo-lab.be\/lab\/fr\/#\/schema\/logo\/image\/","url":"https:\/\/ergo-lab.be\/lab\/wp-content\/uploads\/sites\/4\/2025\/12\/Lab_new.png","contentUrl":"https:\/\/ergo-lab.be\/lab\/wp-content\/uploads\/sites\/4\/2025\/12\/Lab_new.png","width":1108,"height":782,"caption":"Ergo-Lab"},"image":{"@id":"https:\/\/ergo-lab.be\/lab\/fr\/#\/schema\/logo\/image\/"},"sameAs":["https:\/\/www.facebook.com\/people\/Ergo-lab\/100058838385893\/#","https:\/\/www.linkedin.com\/company\/ergo-lab-ergonomie\/","https:\/\/www.youtube.com\/channel\/UCax8prAo2ExE-ySJNQeMH0w"]}]}},"jetpack_sharing_enabled":true,"_links":{"self":[{"href":"https:\/\/ergo-lab.be\/lab\/fr\/wp-json\/wp\/v2\/pages\/3451","targetHints":{"allow":["GET"]}}],"collection":[{"href":"https:\/\/ergo-lab.be\/lab\/fr\/wp-json\/wp\/v2\/pages"}],"about":[{"href":"https:\/\/ergo-lab.be\/lab\/fr\/wp-json\/wp\/v2\/types\/page"}],"author":[{"embeddable":true,"href":"https:\/\/ergo-lab.be\/lab\/fr\/wp-json\/wp\/v2\/users\/1"}],"replies":[{"embeddable":true,"href":"https:\/\/ergo-lab.be\/lab\/fr\/wp-json\/wp\/v2\/comments?post=3451"}],"version-history":[{"count":3,"href":"https:\/\/ergo-lab.be\/lab\/fr\/wp-json\/wp\/v2\/pages\/3451\/revisions"}],"predecessor-version":[{"id":7730,"href":"https:\/\/ergo-lab.be\/lab\/fr\/wp-json\/wp\/v2\/pages\/3451\/revisions\/7730"}],"up":[{"embeddable":true,"href":"https:\/\/ergo-lab.be\/lab\/fr\/wp-json\/wp\/v2\/pages\/3102"}],"wp:attachment":[{"href":"https:\/\/ergo-lab.be\/lab\/fr\/wp-json\/wp\/v2\/media?parent=3451"}],"curies":[{"name":"wp","href":"https:\/\/api.w.org\/{rel}","templated":true}]}}