{"id":3111,"date":"2021-12-20T13:23:49","date_gmt":"2021-12-20T13:23:49","guid":{"rendered":"https:\/\/ergo-lab.be\/lab\/des-chaises-de-bureau-bon-marche\/"},"modified":"2022-01-07T09:11:20","modified_gmt":"2022-01-07T09:11:20","slug":"chaises-de-bureau-bon-marche","status":"publish","type":"page","link":"https:\/\/ergo-lab.be\/lab\/fr\/chaises-de-bureau-bon-marche\/","title":{"rendered":"Chaises de bureau bon march\u00e9"},"content":{"rendered":"\n\n\t<h1>\n\t\t\t\tVous voulez des chaises de bureau bon march\u00e9 ?<br \/>Optez pour du mat\u00e9riel d&rsquo;occasion\n\t\t\t<\/h1>\n\t\t\t<p>Quand vous pensez \u00e0 une chaise de bureau d&rsquo;occasion, vous pensez \u00e0 un rev\u00eatement tach\u00e9 et \u00e0 une assise bancale? Rien n&rsquo;est plus faux. Les chaises de bureau propos\u00e9es par Ergo-Lab ne sont pas seulement de qualit\u00e9 sup\u00e9rieure, elles sont aussi comme neuves. En effet, chaque chaise est pr\u00e9par\u00e9e pour la revente avec le plus grand soin. Quand vous pensez \u00e0 du mat\u00e9riel d&rsquo;occasion, vous pensez aussi \u00e0 un prix nettement avantageux? L\u00e0, vous avez enti\u00e8rement raison. Les chaises de bureau d&rsquo;occasion sont des chaises bon march\u00e9. Vous \u00e9conomisez jusqu&rsquo;\u00e0 80 %.<\/p>\t\n\t\t\t<a href=\"https:\/\/www.gebruiktebureaustoel.nl\/?utm_source=Doorverwijzing&#038;utm_campaign=Ergo-lab.be\" target=\"_blank\" rel=\"noopener\" role=\"button\" aria-label=\"Vers gebruiktebureaustoel.nl\">\n\t\t\t\t\t\t\tVers gebruiktebureaustoel.nl\n\t\t<\/a>\n\t<h4>Des chaises de bureau bon march\u00e9 de qualit\u00e9 sup\u00e9rieure<\/h4>\n<p>Dans <a href=\"https:\/\/www.gebruiktebureaustoel.nl\/?utm_source=Doorverwijzing&amp;utm_campaign=Ergo-lab.be\" target=\"_blank\" rel=\"noopener\">la boutique en ligne<\/a>, vous trouverez une large gamme de chaises de bureau bon march\u00e9 de grandes marques telles que Ahrend, Kinnarps et Giroflex. Chaque chaise a \u00e9t\u00e9 soigneusement contr\u00f4l\u00e9e sur plus de cent points. De plus, chaque chaise d&rsquo;occasion re\u00e7oit tout l&rsquo;amour dont elle a besoin : un nettoyage en profondeur, un nouveau rev\u00eatement et de nouveaux ressorts et \u00e9crous. Notre contr\u00f4le intensif garantit que votre chaise de bureau d&rsquo;occasion est de grande qualit\u00e9 et confortable.<\/p>\n<h4>Les avantages d&rsquo;une chaise de bureau d&rsquo;occasion<\/h4>\n<p>Une chaise de bureau d&rsquo;occasion a surtout beaucoup d&rsquo;effet sur votre portefeuille. Vous payez jusqu&rsquo;\u00e0 80 % moins cher. Et ce, pour une chaise de bureau d&rsquo;occasion enti\u00e8rement remise \u00e0 neuf. De plus, une chaise de bureau d&rsquo;occasion est respectueuse de l&rsquo;environnement. C&rsquo;est la solution la plus durable. Lorsque vous optez pour une chaise de bureau d&rsquo;occasion, vous optez \u00e9galement pour la responsabilit\u00e9 sociale des entreprises.<\/p>\n\t<h4>Quatre ans de garantie<\/h4>\n<p>Du nettoyage \u00e0 la remise en \u00e9tat, chaque chaise de bureau est contr\u00f4l\u00e9e dans les moindres d\u00e9tails. C&rsquo;est pourquoi nous sommes certains de pouvoir vous proposer une chaise en parfait \u00e9tat. M\u00eame si elle est d&rsquo;occasion. Et comme nous avons vraiment confiance en ce que nous faisons, vous b\u00e9n\u00e9ficiez d&rsquo;une garantie de 4 ans sur votre chaise de bureau.<\/p>\n<h4>Commandez votre chaise de bureau d&rsquo;occasion remise \u00e0 neuf en ligne<\/h4>\n<p>Il y a toujours plus de 1 000 chaises de bureau en stock. Vous pouvez facilement commander <a href=\"https:\/\/www.gebruiktebureaustoel.nl\/?utm_source=Doorverwijzing&amp;utm_campaign=Ergo-lab.be\" target=\"_blank\" rel=\"noopener\">en ligne<\/a> et votre commande sera livr\u00e9e gratuitement au jour et \u00e0 l&rsquo;heure pr\u00e9alablement fix\u00e9s. Nous vous installons vos chaises de bureau et, si n\u00e9cessaire, nous reprenons gratuitement vos anciennes chaises. Nous pourrons ainsi aussi leur donner une nouvelle vie.<\/p>\n<p>Il n&rsquo;y a pas assez d&rsquo;exemplaires de la chaise que vous voulez? Vous avez des souhaits sp\u00e9cifiques? Ou vous aimeriez des conseils? Ergo-Lab se fera un plaisir de vous aider \u00e0 trouver les chaises de bureau d&rsquo;occasion parfaites pour vous et bon march\u00e9.<\/p>\n\t\t\t\t<img loading=\"lazy\" decoding=\"async\" src=\"https:\/\/ergo-lab.be\/wp-content\/uploads\/sites\/4\/2020\/11\/Sedus.png\" alt=\"Sedus\" itemprop=\"image\" height=\"808\" width=\"454\" title=\"Sedus\" onerror=\"this.style.display='none'\"  \/>\n\t<h3>\n\t\t\t\tCommencez par faire nettoyer et r\u00e9parer vos chaises de bureau\n\t\t\t<\/h3>\n\t\t\t<p>Avant d&rsquo;investir dans de nouvelles chaises de bureau, vous pouvez \u00e9galement les faire nettoyer et r\u00e9parer. Une roulette est d\u00e9fectueuse ou l&rsquo;accoudoir est cass\u00e9 ? Ergo-Lab prend en charge votre chaise de bureau et la transforme en une chaise de bureau utilisable et remise \u00e0 neuf.<br \/><\/p>\t\n\t\t\t<a href=\"https:\/\/ergo-lab.be\/lab\/fr\/chaises-de-bureau-reconditionnees\/\" target=\"_self\" role=\"button\" aria-label=\"Chaises de bureau remises \u00e0 neuf\" rel=\"noopener\">\n\t\t\t\t\t\t\tChaises de bureau remises \u00e0 neuf\n\t\t<\/a>\n\n","protected":false},"excerpt":{"rendered":"<p>Vous voulez des chaises de bureau bon march\u00e9 ?Optez pour du mat\u00e9riel d&rsquo;occasion Quand vous pensez \u00e0 une chaise de bureau d&rsquo;occasion, vous pensez \u00e0 un rev\u00eatement tach\u00e9 et \u00e0 une assise bancale? Rien n&rsquo;est plus faux. Les chaises de bureau propos\u00e9es par Ergo-Lab ne sont pas seulement de qualit\u00e9 sup\u00e9rieure, elles sont aussi comme [&hellip;]<\/p>\n","protected":false},"author":1,"featured_media":0,"parent":0,"menu_order":0,"comment_status":"closed","ping_status":"closed","template":"","meta":{"site-sidebar-layout":"no-sidebar","site-content-layout":"page-builder","ast-site-content-layout":"default","site-content-style":"default","site-sidebar-style":"default","ast-global-header-display":"","ast-banner-title-visibility":"","ast-main-header-display":"","ast-hfb-above-header-display":"","ast-hfb-below-header-display":"","ast-hfb-mobile-header-display":"","site-post-title":"disabled","ast-breadcrumbs-content":"","ast-featured-img":"disabled","footer-sml-layout":"","ast-disable-related-posts":"","theme-transparent-header-meta":"default","adv-header-id-meta":"","stick-header-meta":"default","header-above-stick-meta":"","header-main-stick-meta":"","header-below-stick-meta":"","astra-migrate-meta-layouts":"default","ast-page-background-enabled":"default","ast-page-background-meta":{"desktop":{"background-color":"","background-image":"","background-repeat":"repeat","background-position":"center center","background-size":"auto","background-attachment":"scroll","background-type":"","background-media":"","overlay-type":"","overlay-color":"","overlay-opacity":"","overlay-gradient":""},"tablet":{"background-color":"","background-image":"","background-repeat":"repeat","background-position":"center center","background-size":"auto","background-attachment":"scroll","background-type":"","background-media":"","overlay-type":"","overlay-color":"","overlay-opacity":"","overlay-gradient":""},"mobile":{"background-color":"","background-image":"","background-repeat":"repeat","background-position":"center center","background-size":"auto","background-attachment":"scroll","background-type":"","background-media":"","overlay-type":"","overlay-color":"","overlay-opacity":"","overlay-gradient":""}},"ast-content-background-meta":{"desktop":{"background-color":"var(--ast-global-color-5)","background-image":"","background-repeat":"repeat","background-position":"center center","background-size":"auto","background-attachment":"scroll","background-type":"","background-media":"","overlay-type":"","overlay-color":"","overlay-opacity":"","overlay-gradient":""},"tablet":{"background-color":"var(--ast-global-color-5)","background-image":"","background-repeat":"repeat","background-position":"center center","background-size":"auto","background-attachment":"scroll","background-type":"","background-media":"","overlay-type":"","overlay-color":"","overlay-opacity":"","overlay-gradient":""},"mobile":{"background-color":"var(--ast-global-color-5)","background-image":"","background-repeat":"repeat","background-position":"center center","background-size":"auto","background-attachment":"scroll","background-type":"","background-media":"","overlay-type":"","overlay-color":"","overlay-opacity":"","overlay-gradient":""}},"footnotes":""},"class_list":["post-3111","page","type-page","status-publish","hentry"],"yoast_head":"<!-- This site is optimized with the Yoast SEO plugin v27.0 - https:\/\/yoast.com\/product\/yoast-seo-wordpress\/ -->\n<title>Des chaises de bureau bon march\u00e9? Optez pour du mat\u00e9riel d\u2019occasion l Ergo-Lab<\/title>\n<meta name=\"description\" content=\"Vous recherchez des chaises de bureau bon march\u00e9 pour vos bureaux? Les chaises de bureau d\u2019occasion ne sont pas ch\u00e8res et elles sont durables. Cliquez pour en savoir plus.\" \/>\n<meta name=\"robots\" content=\"index, follow, max-snippet:-1, max-image-preview:large, max-video-preview:-1\" \/>\n<link rel=\"canonical\" href=\"https:\/\/ergo-lab.be\/lab\/fr\/chaises-de-bureau-bon-marche\/\" \/>\n<meta property=\"og:locale\" content=\"fr_FR\" \/>\n<meta property=\"og:type\" content=\"article\" \/>\n<meta property=\"og:title\" content=\"Des chaises de bureau bon march\u00e9? Optez pour du mat\u00e9riel d\u2019occasion l Ergo-Lab\" \/>\n<meta property=\"og:description\" content=\"Vous recherchez des chaises de bureau bon march\u00e9 pour vos bureaux? Les chaises de bureau d\u2019occasion ne sont pas ch\u00e8res et elles sont durables. Cliquez pour en savoir plus.\" \/>\n<meta property=\"og:url\" content=\"https:\/\/ergo-lab.be\/lab\/fr\/chaises-de-bureau-bon-marche\/\" \/>\n<meta property=\"og:site_name\" content=\"Lab\" \/>\n<meta property=\"article:publisher\" content=\"https:\/\/www.facebook.com\/people\/Ergo-lab\/100058838385893\/#\" \/>\n<meta property=\"article:modified_time\" content=\"2022-01-07T09:11:20+00:00\" \/>\n<meta property=\"og:image\" content=\"https:\/\/ergo-lab.be\/wp-content\/uploads\/sites\/4\/2020\/11\/Sedus.png\" \/>\n<meta name=\"twitter:card\" content=\"summary_large_image\" \/>\n<meta name=\"twitter:label1\" content=\"Dur\u00e9e de lecture estim\u00e9e\" \/>\n\t<meta name=\"twitter:data1\" content=\"3 minutes\" \/>\n<script type=\"application\/ld+json\" class=\"yoast-schema-graph\">{\"@context\":\"https:\/\/schema.org\",\"@graph\":[{\"@type\":\"WebPage\",\"@id\":\"https:\/\/ergo-lab.be\/lab\/fr\/chaises-de-bureau-bon-marche\/\",\"url\":\"https:\/\/ergo-lab.be\/lab\/fr\/chaises-de-bureau-bon-marche\/\",\"name\":\"Des chaises de bureau bon march\u00e9? Optez pour du mat\u00e9riel d\u2019occasion l Ergo-Lab\",\"isPartOf\":{\"@id\":\"https:\/\/ergo-lab.be\/lab\/fr\/#website\"},\"primaryImageOfPage\":{\"@id\":\"https:\/\/ergo-lab.be\/lab\/fr\/chaises-de-bureau-bon-marche\/#primaryimage\"},\"image\":{\"@id\":\"https:\/\/ergo-lab.be\/lab\/fr\/chaises-de-bureau-bon-marche\/#primaryimage\"},\"thumbnailUrl\":\"https:\/\/ergo-lab.be\/wp-content\/uploads\/sites\/4\/2020\/11\/Sedus.png\",\"datePublished\":\"2021-12-20T13:23:49+00:00\",\"dateModified\":\"2022-01-07T09:11:20+00:00\",\"description\":\"Vous recherchez des chaises de bureau bon march\u00e9 pour vos bureaux? Les chaises de bureau d\u2019occasion ne sont pas ch\u00e8res et elles sont durables. Cliquez pour en savoir plus.\",\"breadcrumb\":{\"@id\":\"https:\/\/ergo-lab.be\/lab\/fr\/chaises-de-bureau-bon-marche\/#breadcrumb\"},\"inLanguage\":\"fr-FR\",\"potentialAction\":[{\"@type\":\"ReadAction\",\"target\":[\"https:\/\/ergo-lab.be\/lab\/fr\/chaises-de-bureau-bon-marche\/\"]}]},{\"@type\":\"ImageObject\",\"inLanguage\":\"fr-FR\",\"@id\":\"https:\/\/ergo-lab.be\/lab\/fr\/chaises-de-bureau-bon-marche\/#primaryimage\",\"url\":\"https:\/\/ergo-lab.be\/wp-content\/uploads\/sites\/4\/2020\/11\/Sedus.png\",\"contentUrl\":\"https:\/\/ergo-lab.be\/wp-content\/uploads\/sites\/4\/2020\/11\/Sedus.png\"},{\"@type\":\"BreadcrumbList\",\"@id\":\"https:\/\/ergo-lab.be\/lab\/fr\/chaises-de-bureau-bon-marche\/#breadcrumb\",\"itemListElement\":[{\"@type\":\"ListItem\",\"position\":1,\"name\":\"Home\",\"item\":\"https:\/\/ergo-lab.be\/lab\/fr\/\"},{\"@type\":\"ListItem\",\"position\":2,\"name\":\"Chaises de bureau bon march\u00e9\"}]},{\"@type\":\"WebSite\",\"@id\":\"https:\/\/ergo-lab.be\/lab\/fr\/#website\",\"url\":\"https:\/\/ergo-lab.be\/lab\/fr\/\",\"name\":\"Lab by Ergo-Lab\",\"description\":\"Jouw full service integrator voor 24\/7 controlekamers en mobiele commandocentra\",\"publisher\":{\"@id\":\"https:\/\/ergo-lab.be\/lab\/fr\/#organization\"},\"potentialAction\":[{\"@type\":\"SearchAction\",\"target\":{\"@type\":\"EntryPoint\",\"urlTemplate\":\"https:\/\/ergo-lab.be\/lab\/fr\/?s={search_term_string}\"},\"query-input\":{\"@type\":\"PropertyValueSpecification\",\"valueRequired\":true,\"valueName\":\"search_term_string\"}}],\"inLanguage\":\"fr-FR\"},{\"@type\":\"Organization\",\"@id\":\"https:\/\/ergo-lab.be\/lab\/fr\/#organization\",\"name\":\"Ergo-Lab\",\"url\":\"https:\/\/ergo-lab.be\/lab\/fr\/\",\"logo\":{\"@type\":\"ImageObject\",\"inLanguage\":\"fr-FR\",\"@id\":\"https:\/\/ergo-lab.be\/lab\/fr\/#\/schema\/logo\/image\/\",\"url\":\"https:\/\/ergo-lab.be\/lab\/wp-content\/uploads\/sites\/4\/2025\/12\/Lab_new.png\",\"contentUrl\":\"https:\/\/ergo-lab.be\/lab\/wp-content\/uploads\/sites\/4\/2025\/12\/Lab_new.png\",\"width\":1108,\"height\":782,\"caption\":\"Ergo-Lab\"},\"image\":{\"@id\":\"https:\/\/ergo-lab.be\/lab\/fr\/#\/schema\/logo\/image\/\"},\"sameAs\":[\"https:\/\/www.facebook.com\/people\/Ergo-lab\/100058838385893\/#\",\"https:\/\/www.linkedin.com\/company\/ergo-lab-ergonomie\/\",\"https:\/\/www.youtube.com\/channel\/UCax8prAo2ExE-ySJNQeMH0w\"]}]}<\/script>\n<!-- \/ Yoast SEO plugin. -->","yoast_head_json":{"title":"Des chaises de bureau bon march\u00e9? Optez pour du mat\u00e9riel d\u2019occasion l Ergo-Lab","description":"Vous recherchez des chaises de bureau bon march\u00e9 pour vos bureaux? Les chaises de bureau d\u2019occasion ne sont pas ch\u00e8res et elles sont durables. Cliquez pour en savoir plus.","robots":{"index":"index","follow":"follow","max-snippet":"max-snippet:-1","max-image-preview":"max-image-preview:large","max-video-preview":"max-video-preview:-1"},"canonical":"https:\/\/ergo-lab.be\/lab\/fr\/chaises-de-bureau-bon-marche\/","og_locale":"fr_FR","og_type":"article","og_title":"Des chaises de bureau bon march\u00e9? Optez pour du mat\u00e9riel d\u2019occasion l Ergo-Lab","og_description":"Vous recherchez des chaises de bureau bon march\u00e9 pour vos bureaux? Les chaises de bureau d\u2019occasion ne sont pas ch\u00e8res et elles sont durables. Cliquez pour en savoir plus.","og_url":"https:\/\/ergo-lab.be\/lab\/fr\/chaises-de-bureau-bon-marche\/","og_site_name":"Lab","article_publisher":"https:\/\/www.facebook.com\/people\/Ergo-lab\/100058838385893\/#","article_modified_time":"2022-01-07T09:11:20+00:00","og_image":[{"url":"https:\/\/ergo-lab.be\/wp-content\/uploads\/sites\/4\/2020\/11\/Sedus.png","type":"","width":"","height":""}],"twitter_card":"summary_large_image","twitter_misc":{"Dur\u00e9e de lecture estim\u00e9e":"3 minutes"},"schema":{"@context":"https:\/\/schema.org","@graph":[{"@type":"WebPage","@id":"https:\/\/ergo-lab.be\/lab\/fr\/chaises-de-bureau-bon-marche\/","url":"https:\/\/ergo-lab.be\/lab\/fr\/chaises-de-bureau-bon-marche\/","name":"Des chaises de bureau bon march\u00e9? Optez pour du mat\u00e9riel d\u2019occasion l Ergo-Lab","isPartOf":{"@id":"https:\/\/ergo-lab.be\/lab\/fr\/#website"},"primaryImageOfPage":{"@id":"https:\/\/ergo-lab.be\/lab\/fr\/chaises-de-bureau-bon-marche\/#primaryimage"},"image":{"@id":"https:\/\/ergo-lab.be\/lab\/fr\/chaises-de-bureau-bon-marche\/#primaryimage"},"thumbnailUrl":"https:\/\/ergo-lab.be\/wp-content\/uploads\/sites\/4\/2020\/11\/Sedus.png","datePublished":"2021-12-20T13:23:49+00:00","dateModified":"2022-01-07T09:11:20+00:00","description":"Vous recherchez des chaises de bureau bon march\u00e9 pour vos bureaux? Les chaises de bureau d\u2019occasion ne sont pas ch\u00e8res et elles sont durables. Cliquez pour en savoir plus.","breadcrumb":{"@id":"https:\/\/ergo-lab.be\/lab\/fr\/chaises-de-bureau-bon-marche\/#breadcrumb"},"inLanguage":"fr-FR","potentialAction":[{"@type":"ReadAction","target":["https:\/\/ergo-lab.be\/lab\/fr\/chaises-de-bureau-bon-marche\/"]}]},{"@type":"ImageObject","inLanguage":"fr-FR","@id":"https:\/\/ergo-lab.be\/lab\/fr\/chaises-de-bureau-bon-marche\/#primaryimage","url":"https:\/\/ergo-lab.be\/wp-content\/uploads\/sites\/4\/2020\/11\/Sedus.png","contentUrl":"https:\/\/ergo-lab.be\/wp-content\/uploads\/sites\/4\/2020\/11\/Sedus.png"},{"@type":"BreadcrumbList","@id":"https:\/\/ergo-lab.be\/lab\/fr\/chaises-de-bureau-bon-marche\/#breadcrumb","itemListElement":[{"@type":"ListItem","position":1,"name":"Home","item":"https:\/\/ergo-lab.be\/lab\/fr\/"},{"@type":"ListItem","position":2,"name":"Chaises de bureau bon march\u00e9"}]},{"@type":"WebSite","@id":"https:\/\/ergo-lab.be\/lab\/fr\/#website","url":"https:\/\/ergo-lab.be\/lab\/fr\/","name":"Lab by Ergo-Lab","description":"Jouw full service integrator voor 24\/7 controlekamers en mobiele commandocentra","publisher":{"@id":"https:\/\/ergo-lab.be\/lab\/fr\/#organization"},"potentialAction":[{"@type":"SearchAction","target":{"@type":"EntryPoint","urlTemplate":"https:\/\/ergo-lab.be\/lab\/fr\/?s={search_term_string}"},"query-input":{"@type":"PropertyValueSpecification","valueRequired":true,"valueName":"search_term_string"}}],"inLanguage":"fr-FR"},{"@type":"Organization","@id":"https:\/\/ergo-lab.be\/lab\/fr\/#organization","name":"Ergo-Lab","url":"https:\/\/ergo-lab.be\/lab\/fr\/","logo":{"@type":"ImageObject","inLanguage":"fr-FR","@id":"https:\/\/ergo-lab.be\/lab\/fr\/#\/schema\/logo\/image\/","url":"https:\/\/ergo-lab.be\/lab\/wp-content\/uploads\/sites\/4\/2025\/12\/Lab_new.png","contentUrl":"https:\/\/ergo-lab.be\/lab\/wp-content\/uploads\/sites\/4\/2025\/12\/Lab_new.png","width":1108,"height":782,"caption":"Ergo-Lab"},"image":{"@id":"https:\/\/ergo-lab.be\/lab\/fr\/#\/schema\/logo\/image\/"},"sameAs":["https:\/\/www.facebook.com\/people\/Ergo-lab\/100058838385893\/#","https:\/\/www.linkedin.com\/company\/ergo-lab-ergonomie\/","https:\/\/www.youtube.com\/channel\/UCax8prAo2ExE-ySJNQeMH0w"]}]}},"jetpack_sharing_enabled":true,"_links":{"self":[{"href":"https:\/\/ergo-lab.be\/lab\/fr\/wp-json\/wp\/v2\/pages\/3111","targetHints":{"allow":["GET"]}}],"collection":[{"href":"https:\/\/ergo-lab.be\/lab\/fr\/wp-json\/wp\/v2\/pages"}],"about":[{"href":"https:\/\/ergo-lab.be\/lab\/fr\/wp-json\/wp\/v2\/types\/page"}],"author":[{"embeddable":true,"href":"https:\/\/ergo-lab.be\/lab\/fr\/wp-json\/wp\/v2\/users\/1"}],"replies":[{"embeddable":true,"href":"https:\/\/ergo-lab.be\/lab\/fr\/wp-json\/wp\/v2\/comments?post=3111"}],"version-history":[{"count":2,"href":"https:\/\/ergo-lab.be\/lab\/fr\/wp-json\/wp\/v2\/pages\/3111\/revisions"}],"predecessor-version":[{"id":3559,"href":"https:\/\/ergo-lab.be\/lab\/fr\/wp-json\/wp\/v2\/pages\/3111\/revisions\/3559"}],"wp:attachment":[{"href":"https:\/\/ergo-lab.be\/lab\/fr\/wp-json\/wp\/v2\/media?parent=3111"}],"curies":[{"name":"wp","href":"https:\/\/api.w.org\/{rel}","templated":true}]}}