{"id":3010,"date":"2021-12-20T09:17:25","date_gmt":"2021-12-20T09:17:25","guid":{"rendered":"https:\/\/ergo-lab.be\/ergo\/brochures\/"},"modified":"2022-10-07T12:26:28","modified_gmt":"2022-10-07T12:26:28","slug":"brochures","status":"publish","type":"page","link":"https:\/\/ergo-lab.be\/ergo\/fr\/brochures\/","title":{"rendered":"Brochures"},"content":{"rendered":"\n\n\t<h1>\n\t\t\t\tBrochures\n\t\t\t<\/h1>\n\t\t\t<p>Demandez vos brochures num\u00e9riques d\u00e8s maintenant!<\/p>\n\t\t\t<a href=\"https:\/\/ergo-lab.be\/ergo\/fr\/contact\/\" target=\"_self\" role=\"button\" aria-label=\"Contactez-nous\" rel=\"noopener\">\n\t\t\t\t\t\t\tContactez-nous\n\t\t<\/a>\n\t<h2>\n\t\t\t\tCliquez sur la marque pour acc\u00e9der aux brochures\n\t\t\t<\/h2>\n\t\t\t\t<a href=\"https:\/\/ergo-lab.be\/ergo\/fr\/brochures\/brochures-score\/\" target=\"_self\" itemprop=\"url\" rel=\"noopener\">\n\t\t\t\t<img loading=\"lazy\" decoding=\"async\" src=\"https:\/\/ergo-lab.be\/ergo\/wp-content\/uploads\/sites\/2\/2021\/02\/logo_score.png\" alt=\"logo_score\" itemprop=\"image\" height=\"250\" width=\"900\" title=\"logo_score\" onerror=\"this.style.display='none'\"  \/>\n\t\t\t\t<\/a>\n\t\t\t\t<a href=\"https:\/\/ergo-lab.be\/ergo\/fr\/brochures\/brochures-aeris\/\" target=\"_self\" itemprop=\"url\" rel=\"noopener\">\n\t\t\t\t<img loading=\"lazy\" decoding=\"async\" src=\"https:\/\/ergo-lab.be\/ergo\/wp-content\/uploads\/sites\/2\/2020\/11\/aeris_logo.png\" alt=\"aeris_logo\" itemprop=\"image\" height=\"250\" width=\"900\" title=\"aeris_logo\" onerror=\"this.style.display='none'\"  \/>\n\t\t\t\t<\/a>\n\t\t\t\t<a href=\"https:\/\/ergo-lab.be\/ergo\/fr\/brochures\/brochures-knurr-consoles\/\" target=\"_self\" itemprop=\"url\" rel=\"noopener\">\n\t\t\t\t<img loading=\"lazy\" decoding=\"async\" src=\"https:\/\/ergo-lab.be\/ergo\/wp-content\/uploads\/sites\/2\/2020\/11\/Logo-Vertiv.png\" alt=\"Logo Vertiv\" itemprop=\"image\" height=\"250\" width=\"900\" title=\"Logo Vertiv\" onerror=\"this.style.display='none'\"  \/>\n\t\t\t\t<\/a>\n\t\t\t\t<a href=\"https:\/\/ergo-lab.be\/ergo\/fr\/brochures\/brochures-sedus\/\" target=\"_self\" itemprop=\"url\" rel=\"noopener\">\n\t\t\t\t<img loading=\"lazy\" decoding=\"async\" src=\"https:\/\/ergo-lab.be\/ergo\/wp-content\/uploads\/sites\/2\/2020\/11\/Sedus-Logo.png\" alt=\"Sedus-Logo\" itemprop=\"image\" height=\"250\" width=\"900\" title=\"Sedus-Logo\" onerror=\"this.style.display='none'\"  \/>\n\t\t\t\t<\/a>\n\t\t\t\t<a href=\"https:\/\/ergo-lab.be\/ergo\/fr\/brochures\/brochures-wilkhahn\/\" target=\"_self\" itemprop=\"url\" rel=\"noopener\">\n\t\t\t\t<img loading=\"lazy\" decoding=\"async\" src=\"https:\/\/ergo-lab.be\/ergo\/wp-content\/uploads\/sites\/2\/2020\/11\/Logo_wilkhahn-1.png\" alt=\"Logo_wilkhahn\" itemprop=\"image\" height=\"250\" width=\"900\" title=\"Logo_wilkhahn\" onerror=\"this.style.display='none'\"  \/>\n\t\t\t\t<\/a>\n\t\t\t\t<a href=\"https:\/\/ergo-lab.be\/ergo\/fr\/brochures\/brochures-bakker-elkhuizen\/\" target=\"_self\" itemprop=\"url\" rel=\"noopener\">\n\t\t\t\t<img loading=\"lazy\" decoding=\"async\" src=\"https:\/\/ergo-lab.be\/ergo\/wp-content\/uploads\/sites\/2\/2021\/06\/bakker-elkhuizen-logo.png\" alt=\"Logo_Bakker_Elkhuizen\" itemprop=\"image\" height=\"250\" width=\"900\" title=\"Logo_Bakker_Elkhuizen\" onerror=\"this.style.display='none'\"  \/>\n\t\t\t\t<\/a>\n\t\t\t\t<a href=\"https:\/\/ergo-lab.be\/ergo\/fr\/brochures\/brochures-enea-design\/\" target=\"_self\" itemprop=\"url\" rel=\"noopener\">\n\t\t\t\t<img loading=\"lazy\" decoding=\"async\" src=\"https:\/\/ergo-lab.be\/ergo\/wp-content\/uploads\/sites\/2\/2022\/07\/Enea-Design-1.png\" alt=\"Enea-Design (1)\" itemprop=\"image\" height=\"250\" width=\"900\" title=\"Enea-Design (1)\" onerror=\"this.style.display='none'\"  \/>\n\t\t\t\t<\/a>\n\t\t\t\t<a href=\"https:\/\/ergo-lab.be\/ergo\/fr\/brochures\/brochures-svenstol\/\" target=\"_self\" itemprop=\"url\" rel=\"noopener\">\n\t\t\t\t<img loading=\"lazy\" decoding=\"async\" src=\"https:\/\/ergo-lab.be\/ergo\/wp-content\/uploads\/sites\/2\/2021\/10\/Svenstol-logo.jpg\" alt=\"Svenstol-logo\" itemprop=\"image\" height=\"209\" width=\"900\" title=\"Svenstol-logo\" onerror=\"this.style.display='none'\"  \/>\n\t\t\t\t<\/a>\n\t\t\t\t<a href=\"https:\/\/ergo-lab.be\/ergo\/fr\/brochures\/brochures-loeffler\/\" target=\"_self\" itemprop=\"url\" rel=\"noopener\">\n\t\t\t\t<img loading=\"lazy\" decoding=\"async\" src=\"https:\/\/ergo-lab.be\/ergo\/wp-content\/uploads\/sites\/2\/2022\/09\/Logo-Loffler.png\" alt=\"Logo-Loffler\" itemprop=\"image\" height=\"250\" width=\"900\" title=\"Logo-Loffler\" onerror=\"this.style.display='none'\"  \/>\n\t\t\t\t<\/a>\n\t<h2>\n\t\t\t\tVous souhaitez recevoir une proposition sur mesure?\n\t\t\t<\/h2>\n\t\t\t<a href=\"https:\/\/ergo-lab.be\/ergo\/fr\/contact\/\" target=\"_self\" role=\"button\" aria-label=\"Contactez-nous\" rel=\"noopener\">\n\t\t\t\t\t\t\tContactez-nous\n\t\t<\/a>\n\n","protected":false},"excerpt":{"rendered":"<p>Brochures Demandez vos brochures num\u00e9riques d\u00e8s maintenant! Contactez-nous Cliquez sur la marque pour acc\u00e9der aux brochures Vous souhaitez recevoir une proposition sur mesure? Contactez-nous<\/p>\n","protected":false},"author":1,"featured_media":0,"parent":0,"menu_order":0,"comment_status":"closed","ping_status":"closed","template":"","meta":{"site-sidebar-layout":"no-sidebar","site-content-layout":"page-builder","ast-site-content-layout":"default","site-content-style":"default","site-sidebar-style":"default","ast-global-header-display":"","ast-banner-title-visibility":"","ast-main-header-display":"","ast-hfb-above-header-display":"","ast-hfb-below-header-display":"","ast-hfb-mobile-header-display":"","site-post-title":"disabled","ast-breadcrumbs-content":"","ast-featured-img":"disabled","footer-sml-layout":"","ast-disable-related-posts":"","theme-transparent-header-meta":"default","adv-header-id-meta":"","stick-header-meta":"default","header-above-stick-meta":"","header-main-stick-meta":"","header-below-stick-meta":"","astra-migrate-meta-layouts":"default","ast-page-background-enabled":"default","ast-page-background-meta":{"desktop":{"background-color":"","background-image":"","background-repeat":"repeat","background-position":"center center","background-size":"auto","background-attachment":"scroll","background-type":"","background-media":"","overlay-type":"","overlay-color":"","overlay-opacity":"","overlay-gradient":""},"tablet":{"background-color":"","background-image":"","background-repeat":"repeat","background-position":"center center","background-size":"auto","background-attachment":"scroll","background-type":"","background-media":"","overlay-type":"","overlay-color":"","overlay-opacity":"","overlay-gradient":""},"mobile":{"background-color":"","background-image":"","background-repeat":"repeat","background-position":"center center","background-size":"auto","background-attachment":"scroll","background-type":"","background-media":"","overlay-type":"","overlay-color":"","overlay-opacity":"","overlay-gradient":""}},"ast-content-background-meta":{"desktop":{"background-color":"var(--ast-global-color-5)","background-image":"","background-repeat":"repeat","background-position":"center center","background-size":"auto","background-attachment":"scroll","background-type":"","background-media":"","overlay-type":"","overlay-color":"","overlay-opacity":"","overlay-gradient":""},"tablet":{"background-color":"var(--ast-global-color-5)","background-image":"","background-repeat":"repeat","background-position":"center center","background-size":"auto","background-attachment":"scroll","background-type":"","background-media":"","overlay-type":"","overlay-color":"","overlay-opacity":"","overlay-gradient":""},"mobile":{"background-color":"var(--ast-global-color-5)","background-image":"","background-repeat":"repeat","background-position":"center center","background-size":"auto","background-attachment":"scroll","background-type":"","background-media":"","overlay-type":"","overlay-color":"","overlay-opacity":"","overlay-gradient":""}},"footnotes":""},"class_list":["post-3010","page","type-page","status-publish","hentry"],"yoast_head":"<!-- This site is optimized with the Yoast SEO plugin v27.0 - https:\/\/yoast.com\/product\/yoast-seo-wordpress\/ -->\n<title>T\u00e9l\u00e9chargez les toutes nouvelles brochures | Ergo-Lab<\/title>\n<meta name=\"description\" content=\"T\u00e9l\u00e9chargez vite les toutes nouvelles brochures. Cliquez vite ici pour continuer.\" \/>\n<meta name=\"robots\" content=\"index, follow, max-snippet:-1, max-image-preview:large, max-video-preview:-1\" \/>\n<link rel=\"canonical\" href=\"https:\/\/ergo-lab.be\/ergo\/fr\/brochures\/\" \/>\n<meta property=\"og:locale\" content=\"fr_FR\" \/>\n<meta property=\"og:type\" content=\"article\" \/>\n<meta property=\"og:title\" content=\"T\u00e9l\u00e9chargez les toutes nouvelles brochures | Ergo-Lab\" \/>\n<meta property=\"og:description\" content=\"T\u00e9l\u00e9chargez vite les toutes nouvelles brochures. Cliquez vite ici pour continuer.\" \/>\n<meta property=\"og:url\" content=\"https:\/\/ergo-lab.be\/ergo\/fr\/brochures\/\" \/>\n<meta property=\"og:site_name\" content=\"Ergo\" \/>\n<meta property=\"article:publisher\" content=\"https:\/\/www.facebook.com\/people\/Ergo-lab\/100058838385893\/#\" \/>\n<meta property=\"article:modified_time\" content=\"2022-10-07T12:26:28+00:00\" \/>\n<meta property=\"og:image\" content=\"https:\/\/ergo-lab.be\/wp-content\/uploads\/sites\/2\/2021\/02\/logo_score.png\" \/>\n<meta name=\"twitter:card\" content=\"summary_large_image\" \/>\n<script type=\"application\/ld+json\" class=\"yoast-schema-graph\">{\"@context\":\"https:\/\/schema.org\",\"@graph\":[{\"@type\":\"WebPage\",\"@id\":\"https:\/\/ergo-lab.be\/ergo\/fr\/brochures\/\",\"url\":\"https:\/\/ergo-lab.be\/ergo\/fr\/brochures\/\",\"name\":\"T\u00e9l\u00e9chargez les toutes nouvelles brochures | Ergo-Lab\",\"isPartOf\":{\"@id\":\"https:\/\/ergo-lab.be\/ergo\/fr\/#website\"},\"primaryImageOfPage\":{\"@id\":\"https:\/\/ergo-lab.be\/ergo\/fr\/brochures\/#primaryimage\"},\"image\":{\"@id\":\"https:\/\/ergo-lab.be\/ergo\/fr\/brochures\/#primaryimage\"},\"thumbnailUrl\":\"https:\/\/ergo-lab.be\/ergo\/wp-content\/uploads\/sites\/2\/2021\/02\/logo_score.png\",\"datePublished\":\"2021-12-20T09:17:25+00:00\",\"dateModified\":\"2022-10-07T12:26:28+00:00\",\"description\":\"T\u00e9l\u00e9chargez vite les toutes nouvelles brochures. Cliquez vite ici pour continuer.\",\"breadcrumb\":{\"@id\":\"https:\/\/ergo-lab.be\/ergo\/fr\/brochures\/#breadcrumb\"},\"inLanguage\":\"fr-FR\",\"potentialAction\":[{\"@type\":\"ReadAction\",\"target\":[\"https:\/\/ergo-lab.be\/ergo\/fr\/brochures\/\"]}]},{\"@type\":\"ImageObject\",\"inLanguage\":\"fr-FR\",\"@id\":\"https:\/\/ergo-lab.be\/ergo\/fr\/brochures\/#primaryimage\",\"url\":\"https:\/\/ergo-lab.be\/ergo\/wp-content\/uploads\/sites\/2\/2021\/02\/logo_score.png\",\"contentUrl\":\"https:\/\/ergo-lab.be\/ergo\/wp-content\/uploads\/sites\/2\/2021\/02\/logo_score.png\"},{\"@type\":\"BreadcrumbList\",\"@id\":\"https:\/\/ergo-lab.be\/ergo\/fr\/brochures\/#breadcrumb\",\"itemListElement\":[{\"@type\":\"ListItem\",\"position\":1,\"name\":\"Home\",\"item\":\"https:\/\/ergo-lab.be\/ergo\/fr\/\"},{\"@type\":\"ListItem\",\"position\":2,\"name\":\"Brochures\"}]},{\"@type\":\"WebSite\",\"@id\":\"https:\/\/ergo-lab.be\/ergo\/fr\/#website\",\"url\":\"https:\/\/ergo-lab.be\/ergo\/fr\/\",\"name\":\"Ergo by Ergo-Lab\",\"description\":\"Ergonomische werkplekken en kantoorinrichting op maat\",\"publisher\":{\"@id\":\"https:\/\/ergo-lab.be\/ergo\/fr\/#organization\"},\"potentialAction\":[{\"@type\":\"SearchAction\",\"target\":{\"@type\":\"EntryPoint\",\"urlTemplate\":\"https:\/\/ergo-lab.be\/ergo\/fr\/?s={search_term_string}\"},\"query-input\":{\"@type\":\"PropertyValueSpecification\",\"valueRequired\":true,\"valueName\":\"search_term_string\"}}],\"inLanguage\":\"fr-FR\"},{\"@type\":\"Organization\",\"@id\":\"https:\/\/ergo-lab.be\/ergo\/fr\/#organization\",\"name\":\"Ergo-Lab\",\"url\":\"https:\/\/ergo-lab.be\/ergo\/fr\/\",\"logo\":{\"@type\":\"ImageObject\",\"inLanguage\":\"fr-FR\",\"@id\":\"https:\/\/ergo-lab.be\/ergo\/fr\/#\/schema\/logo\/image\/\",\"url\":\"https:\/\/ergo-lab.be\/ergo\/wp-content\/uploads\/sites\/2\/2025\/12\/ergo-new.png\",\"contentUrl\":\"https:\/\/ergo-lab.be\/ergo\/wp-content\/uploads\/sites\/2\/2025\/12\/ergo-new.png\",\"width\":1108,\"height\":782,\"caption\":\"Ergo-Lab\"},\"image\":{\"@id\":\"https:\/\/ergo-lab.be\/ergo\/fr\/#\/schema\/logo\/image\/\"},\"sameAs\":[\"https:\/\/www.facebook.com\/people\/Ergo-lab\/100058838385893\/#\",\"https:\/\/www.linkedin.com\/company\/ergo-lab-ergonomie\/\",\"https:\/\/www.youtube.com\/channel\/UCax8prAo2ExE-ySJNQeMH0w\"]}]}<\/script>\n<!-- \/ Yoast SEO plugin. -->","yoast_head_json":{"title":"T\u00e9l\u00e9chargez les toutes nouvelles brochures | Ergo-Lab","description":"T\u00e9l\u00e9chargez vite les toutes nouvelles brochures. Cliquez vite ici pour continuer.","robots":{"index":"index","follow":"follow","max-snippet":"max-snippet:-1","max-image-preview":"max-image-preview:large","max-video-preview":"max-video-preview:-1"},"canonical":"https:\/\/ergo-lab.be\/ergo\/fr\/brochures\/","og_locale":"fr_FR","og_type":"article","og_title":"T\u00e9l\u00e9chargez les toutes nouvelles brochures | Ergo-Lab","og_description":"T\u00e9l\u00e9chargez vite les toutes nouvelles brochures. Cliquez vite ici pour continuer.","og_url":"https:\/\/ergo-lab.be\/ergo\/fr\/brochures\/","og_site_name":"Ergo","article_publisher":"https:\/\/www.facebook.com\/people\/Ergo-lab\/100058838385893\/#","article_modified_time":"2022-10-07T12:26:28+00:00","og_image":[{"url":"https:\/\/ergo-lab.be\/wp-content\/uploads\/sites\/2\/2021\/02\/logo_score.png","type":"","width":"","height":""}],"twitter_card":"summary_large_image","schema":{"@context":"https:\/\/schema.org","@graph":[{"@type":"WebPage","@id":"https:\/\/ergo-lab.be\/ergo\/fr\/brochures\/","url":"https:\/\/ergo-lab.be\/ergo\/fr\/brochures\/","name":"T\u00e9l\u00e9chargez les toutes nouvelles brochures | Ergo-Lab","isPartOf":{"@id":"https:\/\/ergo-lab.be\/ergo\/fr\/#website"},"primaryImageOfPage":{"@id":"https:\/\/ergo-lab.be\/ergo\/fr\/brochures\/#primaryimage"},"image":{"@id":"https:\/\/ergo-lab.be\/ergo\/fr\/brochures\/#primaryimage"},"thumbnailUrl":"https:\/\/ergo-lab.be\/ergo\/wp-content\/uploads\/sites\/2\/2021\/02\/logo_score.png","datePublished":"2021-12-20T09:17:25+00:00","dateModified":"2022-10-07T12:26:28+00:00","description":"T\u00e9l\u00e9chargez vite les toutes nouvelles brochures. Cliquez vite ici pour continuer.","breadcrumb":{"@id":"https:\/\/ergo-lab.be\/ergo\/fr\/brochures\/#breadcrumb"},"inLanguage":"fr-FR","potentialAction":[{"@type":"ReadAction","target":["https:\/\/ergo-lab.be\/ergo\/fr\/brochures\/"]}]},{"@type":"ImageObject","inLanguage":"fr-FR","@id":"https:\/\/ergo-lab.be\/ergo\/fr\/brochures\/#primaryimage","url":"https:\/\/ergo-lab.be\/ergo\/wp-content\/uploads\/sites\/2\/2021\/02\/logo_score.png","contentUrl":"https:\/\/ergo-lab.be\/ergo\/wp-content\/uploads\/sites\/2\/2021\/02\/logo_score.png"},{"@type":"BreadcrumbList","@id":"https:\/\/ergo-lab.be\/ergo\/fr\/brochures\/#breadcrumb","itemListElement":[{"@type":"ListItem","position":1,"name":"Home","item":"https:\/\/ergo-lab.be\/ergo\/fr\/"},{"@type":"ListItem","position":2,"name":"Brochures"}]},{"@type":"WebSite","@id":"https:\/\/ergo-lab.be\/ergo\/fr\/#website","url":"https:\/\/ergo-lab.be\/ergo\/fr\/","name":"Ergo by Ergo-Lab","description":"Ergonomische werkplekken en kantoorinrichting op maat","publisher":{"@id":"https:\/\/ergo-lab.be\/ergo\/fr\/#organization"},"potentialAction":[{"@type":"SearchAction","target":{"@type":"EntryPoint","urlTemplate":"https:\/\/ergo-lab.be\/ergo\/fr\/?s={search_term_string}"},"query-input":{"@type":"PropertyValueSpecification","valueRequired":true,"valueName":"search_term_string"}}],"inLanguage":"fr-FR"},{"@type":"Organization","@id":"https:\/\/ergo-lab.be\/ergo\/fr\/#organization","name":"Ergo-Lab","url":"https:\/\/ergo-lab.be\/ergo\/fr\/","logo":{"@type":"ImageObject","inLanguage":"fr-FR","@id":"https:\/\/ergo-lab.be\/ergo\/fr\/#\/schema\/logo\/image\/","url":"https:\/\/ergo-lab.be\/ergo\/wp-content\/uploads\/sites\/2\/2025\/12\/ergo-new.png","contentUrl":"https:\/\/ergo-lab.be\/ergo\/wp-content\/uploads\/sites\/2\/2025\/12\/ergo-new.png","width":1108,"height":782,"caption":"Ergo-Lab"},"image":{"@id":"https:\/\/ergo-lab.be\/ergo\/fr\/#\/schema\/logo\/image\/"},"sameAs":["https:\/\/www.facebook.com\/people\/Ergo-lab\/100058838385893\/#","https:\/\/www.linkedin.com\/company\/ergo-lab-ergonomie\/","https:\/\/www.youtube.com\/channel\/UCax8prAo2ExE-ySJNQeMH0w"]}]}},"jetpack_sharing_enabled":true,"_links":{"self":[{"href":"https:\/\/ergo-lab.be\/ergo\/fr\/wp-json\/wp\/v2\/pages\/3010","targetHints":{"allow":["GET"]}}],"collection":[{"href":"https:\/\/ergo-lab.be\/ergo\/fr\/wp-json\/wp\/v2\/pages"}],"about":[{"href":"https:\/\/ergo-lab.be\/ergo\/fr\/wp-json\/wp\/v2\/types\/page"}],"author":[{"embeddable":true,"href":"https:\/\/ergo-lab.be\/ergo\/fr\/wp-json\/wp\/v2\/users\/1"}],"replies":[{"embeddable":true,"href":"https:\/\/ergo-lab.be\/ergo\/fr\/wp-json\/wp\/v2\/comments?post=3010"}],"version-history":[{"count":8,"href":"https:\/\/ergo-lab.be\/ergo\/fr\/wp-json\/wp\/v2\/pages\/3010\/revisions"}],"predecessor-version":[{"id":4831,"href":"https:\/\/ergo-lab.be\/ergo\/fr\/wp-json\/wp\/v2\/pages\/3010\/revisions\/4831"}],"wp:attachment":[{"href":"https:\/\/ergo-lab.be\/ergo\/fr\/wp-json\/wp\/v2\/media?parent=3010"}],"curies":[{"name":"wp","href":"https:\/\/api.w.org\/{rel}","templated":true}]}}